{"id":25648,"date":"2021-12-22T15:01:37","date_gmt":"2021-12-22T14:01:37","guid":{"rendered":"https:\/\/www.cl-chausseur.com\/?page_id=25648"},"modified":"2021-12-22T15:02:10","modified_gmt":"2021-12-22T14:02:10","slug":"fratelli-rosana","status":"publish","type":"page","link":"https:\/\/www.cl-chausseur.com\/index.php\/fratelli-rosana\/","title":{"rendered":"Fratelli Rosana"},"content":{"rendered":"<p>[et_pb_section fb_built=\u00a0\u00bb1&Prime; _builder_version=\u00a0\u00bb4.5.7&Prime; _module_preset=\u00a0\u00bbdefault\u00a0\u00bb custom_margin=\u00a0\u00bb0px|0px|0px|0px|false|false\u00a0\u00bb custom_padding=\u00a0\u00bb0px|0px|0px|0px|false|false\u00a0\u00bb global_colors_info=\u00a0\u00bb{}\u00a0\u00bb theme_builder_area=\u00a0\u00bbpost_content\u00a0\u00bb][et_pb_row _builder_version=\u00a0\u00bb4.5.7&Prime; _module_preset=\u00a0\u00bbdefault\u00a0\u00bb width_tablet=\u00a0\u00bb\u00a0\u00bb width_phone=\u00a0\u00bb85%\u00a0\u00bb width_last_edited=\u00a0\u00bbon|tablet\u00a0\u00bb module_alignment=\u00a0\u00bbcenter\u00a0\u00bb custom_margin=\u00a0\u00bb5%|0px|0px|0px|false|false\u00a0\u00bb custom_margin_tablet=\u00a0\u00bb10%||||false|false\u00a0\u00bb custom_margin_phone=\u00a0\u00bb\u00a0\u00bb custom_margin_last_edited=\u00a0\u00bbon|phone\u00a0\u00bb custom_padding=\u00a0\u00bb0px|0px|0px|0px|false|false\u00a0\u00bb global_colors_info=\u00a0\u00bb{}\u00a0\u00bb theme_builder_area=\u00a0\u00bbpost_content\u00a0\u00bb][et_pb_column type=\u00a0\u00bb4_4&Prime; _builder_version=\u00a0\u00bb4.5.7&Prime; _module_preset=\u00a0\u00bbdefault\u00a0\u00bb global_colors_info=\u00a0\u00bb{}\u00a0\u00bb theme_builder_area=\u00a0\u00bbpost_content\u00a0\u00bb][et_pb_text _builder_version=\u00a0\u00bb4.14.4&Prime; _module_preset=\u00a0\u00bbdefault\u00a0\u00bb text_font=\u00a0\u00bbmontserrat||||||||\u00a0\u00bb text_font_size=\u00a0\u00bb75px\u00a0\u00bb header_font=\u00a0\u00bbmonserrat regular|100|||||||\u00a0\u00bb header_font_size=\u00a0\u00bb32px\u00a0\u00bb header_letter_spacing=\u00a0\u00bb0.2em\u00a0\u00bb hover_enabled=\u00a0\u00bb0&Prime; global_colors_info=\u00a0\u00bb{}\u00a0\u00bb theme_builder_area=\u00a0\u00bbpost_content\u00a0\u00bb sticky_enabled=\u00a0\u00bb0&Prime;]<\/p>\n<h1 class=\"my-4 text-center titres\" style=\"text-align: center;\">Fratelli Rosana<\/h1>\n<p>[\/et_pb_text][et_pb_divider divider_weight=\u00a0\u00bb1px\u00a0\u00bb _builder_version=\u00a0\u00bb4.5.7&Prime; _module_preset=\u00a0\u00bbdefault\u00a0\u00bb background_enable_color=\u00a0\u00bboff\u00a0\u00bb width=\u00a0\u00bb2%\u00a0\u00bb module_alignment=\u00a0\u00bbcenter\u00a0\u00bb custom_margin=\u00a0\u00bb0px|0px|0px|0px|false|false\u00a0\u00bb custom_padding=\u00a0\u00bb0px|0px|10px|0px|false|false\u00a0\u00bb global_colors_info=\u00a0\u00bb{}\u00a0\u00bb theme_builder_area=\u00a0\u00bbpost_content\u00a0\u00bb][\/et_pb_divider][et_pb_text _builder_version=\u00a0\u00bb4.5.7&Prime; _module_preset=\u00a0\u00bbdefault\u00a0\u00bb header_2_font=\u00a0\u00bbDroid-serif||on||||||\u00a0\u00bb header_2_font_size=\u00a0\u00bb18px\u00a0\u00bb custom_margin=\u00a0\u00bb0px|0px|6%|0px|false|false\u00a0\u00bb custom_padding=\u00a0\u00bb0px|0px|0px|0px|false|false\u00a0\u00bb global_colors_info=\u00a0\u00bb{}\u00a0\u00bb theme_builder_area=\u00a0\u00bbpost_content\u00a0\u00bb]<\/p>\n<h2 class=\"my-4 text-center sous-titre\" style=\"text-align: center;\">Notre histoire avec la marque<\/h2>\n<p>[\/et_pb_text][et_pb_text _builder_version=\u00a0\u00bb4.5.7&Prime; _module_preset=\u00a0\u00bbdefault\u00a0\u00bb text_font=\u00a0\u00bbOpen Sans||||||||\u00a0\u00bb text_line_height=\u00a0\u00bb2em\u00a0\u00bb text_orientation=\u00a0\u00bbjustified\u00a0\u00bb width=\u00a0\u00bb65%\u00a0\u00bb width_tablet=\u00a0\u00bb100%\u00a0\u00bb width_phone=\u00a0\u00bb\u00a0\u00bb width_last_edited=\u00a0\u00bbon|phone\u00a0\u00bb module_alignment=\u00a0\u00bbcenter\u00a0\u00bb global_colors_info=\u00a0\u00bb{}\u00a0\u00bb theme_builder_area=\u00a0\u00bbpost_content\u00a0\u00bb]<\/p>\n<p>L\u2019histoire d\u00e9bute dans les ann\u00e9e 1913, dans un petit atelier situ\u00e9 dans le grenier d\u2019une maison en Italie, ou les souliers sont confectionn\u00e9s \u00e0 la main. Lors des ann\u00e9es 1920 la premi\u00e8re usine \u00e0 ouvert ses portes. Aujourd\u2019hui ce sont deux fr\u00e8res, les petits enfants du cr\u00e9ateur Massimo et Lorenzo qui ont repris l\u2019entreprise familiale. La r\u00e9ussite de la marque Fratelli Rosanna est le r\u00e9sultat d\u2019un travail intensif et pers\u00e9v\u00e9rant qui se transmet de g\u00e9n\u00e9ration en g\u00e9n\u00e9ration.<\/p>\n<p>Fort de son succ\u00e8s en Italie, la marque a souhait\u00e9 \u00e9tendre ses produits \u00e0 l\u2019international.<\/p>\n<p>La recherche de mat\u00e9riaux souples, la mise aux points parfaite des formes qui permettent un excellent confort sont \u00e0 la base du secret de Fratelli Rosana. La fabrication est artisanale, la chaussure passe par les mains expertes des diff\u00e9rents cordonniers sp\u00e9cialis\u00e9s. Les souliers sont confectionn\u00e9s enti\u00e8rement dans l\u2019atelier, preuve d\u2019un savoir faire d\u2019excellence. La marque propose diff\u00e9rents mod\u00e8les de chaussures, allant du mocassin, aux chaussures \u00e0 lacets, boots, bottes, sandales, et mules dans un style contemporain et \u00e9l\u00e9gant.<\/p>\n<p>[\/et_pb_text][et_pb_text _builder_version=\u00a0\u00bb4.14.4&Prime; _module_preset=\u00a0\u00bbdefault\u00a0\u00bb text_orientation=\u00a0\u00bbright\u00a0\u00bb width=\u00a0\u00bb65%\u00a0\u00bb width_tablet=\u00a0\u00bb100%\u00a0\u00bb width_phone=\u00a0\u00bb90%\u00a0\u00bb width_last_edited=\u00a0\u00bbon|desktop\u00a0\u00bb module_alignment=\u00a0\u00bbcenter\u00a0\u00bb global_colors_info=\u00a0\u00bb{}\u00a0\u00bb theme_builder_area=\u00a0\u00bbpost_content\u00a0\u00bb]<\/p>\n<p>Eric B.<\/p>\n<p>&nbsp;<\/p>\n<p>[\/et_pb_text][\/et_pb_column][\/et_pb_row][\/et_pb_section]<\/p>\n","protected":false},"excerpt":{"rendered":"<p>Fratelli RosanaNotre histoire avec la marqueL\u2019histoire d\u00e9bute dans les ann\u00e9e 1913, dans un petit atelier situ\u00e9 dans le grenier d\u2019une maison en Italie, ou les souliers sont confectionn\u00e9s \u00e0 la main. Lors des ann\u00e9es 1920 la premi\u00e8re usine \u00e0 ouvert ses portes. Aujourd\u2019hui ce sont deux fr\u00e8res, les petits enfants du cr\u00e9ateur Massimo et Lorenzo [&hellip;]<\/p>\n","protected":false},"author":1,"featured_media":0,"parent":0,"menu_order":0,"comment_status":"closed","ping_status":"closed","template":"","meta":{"_et_pb_use_builder":"on","_et_pb_old_content":"","_et_gb_content_width":"","footnotes":""},"class_list":["post-25648","page","type-page","status-publish","hentry"],"_links":{"self":[{"href":"https:\/\/www.cl-chausseur.com\/index.php\/wp-json\/wp\/v2\/pages\/25648","targetHints":{"allow":["GET"]}}],"collection":[{"href":"https:\/\/www.cl-chausseur.com\/index.php\/wp-json\/wp\/v2\/pages"}],"about":[{"href":"https:\/\/www.cl-chausseur.com\/index.php\/wp-json\/wp\/v2\/types\/page"}],"author":[{"embeddable":true,"href":"https:\/\/www.cl-chausseur.com\/index.php\/wp-json\/wp\/v2\/users\/1"}],"replies":[{"embeddable":true,"href":"https:\/\/www.cl-chausseur.com\/index.php\/wp-json\/wp\/v2\/comments?post=25648"}],"version-history":[{"count":2,"href":"https:\/\/www.cl-chausseur.com\/index.php\/wp-json\/wp\/v2\/pages\/25648\/revisions"}],"predecessor-version":[{"id":25650,"href":"https:\/\/www.cl-chausseur.com\/index.php\/wp-json\/wp\/v2\/pages\/25648\/revisions\/25650"}],"wp:attachment":[{"href":"https:\/\/www.cl-chausseur.com\/index.php\/wp-json\/wp\/v2\/media?parent=25648"}],"curies":[{"name":"wp","href":"https:\/\/api.w.org\/{rel}","templated":true}]}}