{"id":22927,"date":"2021-05-14T17:30:35","date_gmt":"2021-05-14T15:30:35","guid":{"rendered":"https:\/\/cl-chausseur.bifrostsolutionsit.fr\/?post_type=product&#038;p=22927"},"modified":"2025-04-18T12:46:45","modified_gmt":"2025-04-18T10:46:45","slug":"virieu","status":"publish","type":"product","link":"https:\/\/www.cl-chausseur.com\/index.php\/produit\/virieu\/","title":{"rendered":"Virieu"},"content":{"rendered":"","protected":false},"excerpt":{"rendered":"<p>Agneau platine, doublure enti\u00e8rement cuir, semelle int\u00e9rieure cuir rembourr\u00e9e, semelle cuir antid\u00e9rapante, talon de 3cm, bride arri\u00e8re r\u00e9glable.<\/p>\n<p>Une sandale l\u00e9g\u00e8re, fonctionnelle et ultra confortable.<\/p>\n<p>Conseil chaussant:ce mod\u00e8le chausse grand.Nous vous conseillons de prendre votre pointure habituelle.Pour un 38 prendre 38.<\/p>\n","protected":false},"featured_media":30831,"template":"","meta":{"_et_pb_use_builder":"","_et_pb_old_content":"","_et_gb_content_width":""},"product_brand":[],"product_cat":[146,154],"product_tag":[125],"class_list":{"0":"post-22927","1":"product","2":"type-product","3":"status-publish","4":"has-post-thumbnail","6":"product_cat-femme-printemps-ete","7":"product_cat-sandales","8":"product_tag-sandales","10":"first","11":"instock","12":"taxable","13":"shipping-taxable","14":"purchasable","15":"product-type-variable"},"_links":{"self":[{"href":"https:\/\/www.cl-chausseur.com\/index.php\/wp-json\/wp\/v2\/product\/22927","targetHints":{"allow":["GET"]}}],"collection":[{"href":"https:\/\/www.cl-chausseur.com\/index.php\/wp-json\/wp\/v2\/product"}],"about":[{"href":"https:\/\/www.cl-chausseur.com\/index.php\/wp-json\/wp\/v2\/types\/product"}],"wp:featuredmedia":[{"embeddable":true,"href":"https:\/\/www.cl-chausseur.com\/index.php\/wp-json\/wp\/v2\/media\/30831"}],"wp:attachment":[{"href":"https:\/\/www.cl-chausseur.com\/index.php\/wp-json\/wp\/v2\/media?parent=22927"}],"wp:term":[{"taxonomy":"product_brand","embeddable":true,"href":"https:\/\/www.cl-chausseur.com\/index.php\/wp-json\/wp\/v2\/product_brand?post=22927"},{"taxonomy":"product_cat","embeddable":true,"href":"https:\/\/www.cl-chausseur.com\/index.php\/wp-json\/wp\/v2\/product_cat?post=22927"},{"taxonomy":"product_tag","embeddable":true,"href":"https:\/\/www.cl-chausseur.com\/index.php\/wp-json\/wp\/v2\/product_tag?post=22927"}],"curies":[{"name":"wp","href":"https:\/\/api.w.org\/{rel}","templated":true}]}}