{"id":23490,"date":"2021-05-22T14:29:18","date_gmt":"2021-05-22T12:29:18","guid":{"rendered":"https:\/\/cl-chausseur.bifrostsolutionsit.fr\/?post_type=product&#038;p=23490"},"modified":"2023-05-12T17:37:08","modified_gmt":"2023-05-12T15:37:08","slug":"mens1","status":"publish","type":"product","link":"https:\/\/www.cl-chausseur.com\/index.php\/produit\/mens1\/","title":{"rendered":"Mens1"},"content":{"rendered":"","protected":false},"excerpt":{"rendered":"<p>Veau souple marine, doublure enti\u00e8rement cuir, premi\u00e8re int\u00e9rieure cuir, mont\u00e9 et cousu main, semelle cuir, talon de 3cm.<\/p>\n<p>Conseil chaussant:ce mod\u00e8le \u00ab\u00a0Gravati\u00a0\u00bbchausse normalement.Nous vous conseillons de prendre votre pointure habituelle.<\/p>\n","protected":false},"featured_media":23496,"template":"","meta":{"_et_pb_use_builder":"","_et_pb_old_content":"","_et_gb_content_width":""},"product_brand":[],"product_cat":[146,164],"product_tag":[100],"class_list":{"0":"post-23490","1":"product","2":"type-product","3":"status-publish","4":"has-post-thumbnail","6":"product_cat-femme-printemps-ete","7":"product_cat-femme-printemps-ete-mocassins-lacets","8":"product_tag-mocassins-lacets","10":"first","11":"instock","12":"taxable","13":"shipping-taxable","14":"purchasable","15":"product-type-variable"},"_links":{"self":[{"href":"https:\/\/www.cl-chausseur.com\/index.php\/wp-json\/wp\/v2\/product\/23490","targetHints":{"allow":["GET"]}}],"collection":[{"href":"https:\/\/www.cl-chausseur.com\/index.php\/wp-json\/wp\/v2\/product"}],"about":[{"href":"https:\/\/www.cl-chausseur.com\/index.php\/wp-json\/wp\/v2\/types\/product"}],"wp:featuredmedia":[{"embeddable":true,"href":"https:\/\/www.cl-chausseur.com\/index.php\/wp-json\/wp\/v2\/media\/23496"}],"wp:attachment":[{"href":"https:\/\/www.cl-chausseur.com\/index.php\/wp-json\/wp\/v2\/media?parent=23490"}],"wp:term":[{"taxonomy":"product_brand","embeddable":true,"href":"https:\/\/www.cl-chausseur.com\/index.php\/wp-json\/wp\/v2\/product_brand?post=23490"},{"taxonomy":"product_cat","embeddable":true,"href":"https:\/\/www.cl-chausseur.com\/index.php\/wp-json\/wp\/v2\/product_cat?post=23490"},{"taxonomy":"product_tag","embeddable":true,"href":"https:\/\/www.cl-chausseur.com\/index.php\/wp-json\/wp\/v2\/product_tag?post=23490"}],"curies":[{"name":"wp","href":"https:\/\/api.w.org\/{rel}","templated":true}]}}