{"id":23554,"date":"2021-05-25T16:30:08","date_gmt":"2021-05-25T14:30:08","guid":{"rendered":"https:\/\/cl-chausseur.bifrostsolutionsit.fr\/?post_type=product&#038;p=23554"},"modified":"2025-03-13T15:13:52","modified_gmt":"2025-03-13T14:13:52","slug":"lapte","status":"publish","type":"product","link":"https:\/\/www.cl-chausseur.com\/index.php\/produit\/lapte\/","title":{"rendered":"Lapte"},"content":{"rendered":"","protected":false},"excerpt":{"rendered":"<p>Agneau blanc et agneau blanc perfor\u00e9, doublure agneau, cousu sacchetto, premi\u00e8re int\u00e9rieure agneau, semelle gomme naturel, talon de 2cm.<\/p>\n<p>Un modele Thierry Rabotin \u00e9l\u00e9gant d&rsquo;un confort incroyable.Quand ne rien sentir dans ses pieds devient une r\u00e9alit\u00e9.<\/p>\n<p>Conseil chaussant:ce mod\u00e8le \u00ab\u00a0Rabotin\u00a0\u00bbchausse grand.Nous vous conseillons de prendre une demi pointure en moins de votre pointure habituelle.Pour un 38 prendre un 37,5.Cependant pour un 40 prendre un 40<\/p>\n<p>et pour un 41 prendre 41.<\/p>\n","protected":false},"featured_media":31719,"template":"","meta":{"_et_pb_use_builder":"","_et_pb_old_content":"","_et_gb_content_width":""},"product_brand":[],"product_cat":[146,164],"product_tag":[100],"class_list":{"0":"post-23554","1":"product","2":"type-product","3":"status-publish","4":"has-post-thumbnail","6":"product_cat-femme-printemps-ete","7":"product_cat-femme-printemps-ete-mocassins-lacets","8":"product_tag-mocassins-lacets","10":"first","11":"instock","12":"taxable","13":"shipping-taxable","14":"purchasable","15":"product-type-variable"},"_links":{"self":[{"href":"https:\/\/www.cl-chausseur.com\/index.php\/wp-json\/wp\/v2\/product\/23554","targetHints":{"allow":["GET"]}}],"collection":[{"href":"https:\/\/www.cl-chausseur.com\/index.php\/wp-json\/wp\/v2\/product"}],"about":[{"href":"https:\/\/www.cl-chausseur.com\/index.php\/wp-json\/wp\/v2\/types\/product"}],"wp:featuredmedia":[{"embeddable":true,"href":"https:\/\/www.cl-chausseur.com\/index.php\/wp-json\/wp\/v2\/media\/31719"}],"wp:attachment":[{"href":"https:\/\/www.cl-chausseur.com\/index.php\/wp-json\/wp\/v2\/media?parent=23554"}],"wp:term":[{"taxonomy":"product_brand","embeddable":true,"href":"https:\/\/www.cl-chausseur.com\/index.php\/wp-json\/wp\/v2\/product_brand?post=23554"},{"taxonomy":"product_cat","embeddable":true,"href":"https:\/\/www.cl-chausseur.com\/index.php\/wp-json\/wp\/v2\/product_cat?post=23554"},{"taxonomy":"product_tag","embeddable":true,"href":"https:\/\/www.cl-chausseur.com\/index.php\/wp-json\/wp\/v2\/product_tag?post=23554"}],"curies":[{"name":"wp","href":"https:\/\/api.w.org\/{rel}","templated":true}]}}