{"id":24545,"date":"2021-10-02T15:24:47","date_gmt":"2021-10-02T13:24:47","guid":{"rendered":"https:\/\/www.cl-chausseur.com\/?post_type=product&#038;p=24545"},"modified":"2025-02-21T12:49:15","modified_gmt":"2025-02-21T11:49:15","slug":"pressac","status":"publish","type":"product","link":"https:\/\/www.cl-chausseur.com\/index.php\/produit\/pressac\/","title":{"rendered":"Arles1"},"content":{"rendered":"","protected":false},"excerpt":{"rendered":"<p>Veau velours beige, doublure enti\u00e8rement cuir, zip arri\u00e8re, semelle int\u00e9rieure cuir amovible, semelle gomme souple et ultra l\u00e9g\u00e8re.<\/p>\n<p>Conseil chaussant:ce mod\u00e8le AGL chausse normalement.Nous vous conseillons de prendre votre pointure habituelle.Pour un 38 prendre 38.<\/p>\n","protected":false},"featured_media":24546,"template":"","meta":{"_et_pb_use_builder":"","_et_pb_old_content":"","_et_gb_content_width":""},"product_brand":[],"product_cat":[179,148],"product_tag":[103],"class_list":{"0":"post-24545","1":"product","2":"type-product","3":"status-publish","4":"has-post-thumbnail","6":"product_cat-boots-bottes","7":"product_cat-femme-automne-hiver","8":"product_tag-boots-bottes","10":"first","11":"instock","12":"taxable","13":"shipping-taxable","14":"purchasable","15":"product-type-variable"},"_links":{"self":[{"href":"https:\/\/www.cl-chausseur.com\/index.php\/wp-json\/wp\/v2\/product\/24545","targetHints":{"allow":["GET"]}}],"collection":[{"href":"https:\/\/www.cl-chausseur.com\/index.php\/wp-json\/wp\/v2\/product"}],"about":[{"href":"https:\/\/www.cl-chausseur.com\/index.php\/wp-json\/wp\/v2\/types\/product"}],"wp:featuredmedia":[{"embeddable":true,"href":"https:\/\/www.cl-chausseur.com\/index.php\/wp-json\/wp\/v2\/media\/24546"}],"wp:attachment":[{"href":"https:\/\/www.cl-chausseur.com\/index.php\/wp-json\/wp\/v2\/media?parent=24545"}],"wp:term":[{"taxonomy":"product_brand","embeddable":true,"href":"https:\/\/www.cl-chausseur.com\/index.php\/wp-json\/wp\/v2\/product_brand?post=24545"},{"taxonomy":"product_cat","embeddable":true,"href":"https:\/\/www.cl-chausseur.com\/index.php\/wp-json\/wp\/v2\/product_cat?post=24545"},{"taxonomy":"product_tag","embeddable":true,"href":"https:\/\/www.cl-chausseur.com\/index.php\/wp-json\/wp\/v2\/product_tag?post=24545"}],"curies":[{"name":"wp","href":"https:\/\/api.w.org\/{rel}","templated":true}]}}