{"id":24753,"date":"2021-10-08T11:08:14","date_gmt":"2021-10-08T09:08:14","guid":{"rendered":"https:\/\/www.cl-chausseur.com\/?post_type=product&#038;p=24753"},"modified":"2026-02-11T16:15:16","modified_gmt":"2026-02-11T15:15:16","slug":"ninja","status":"publish","type":"product","link":"https:\/\/www.cl-chausseur.com\/index.php\/produit\/ninja\/","title":{"rendered":"Ninja"},"content":{"rendered":"","protected":false},"excerpt":{"rendered":"<p>Velours chocolat et velours imprim\u00e9 leopard, agneau bronze, languette fourrure chocolat, doublure enti\u00e8rement cuir, semelle int\u00e9rieure cuir amovible, talon de 3cm, semelle gomme souple <\/p>\n<p>articul\u00e9e et ultra l\u00e9g\u00e8re.<\/p>\n<p>conseil chaussant:ce mod\u00e8le chausse normalement.Nous vous conseillons de prendre votre pointure habituelle.Pour un 38 prendre 38.<\/p>\n","protected":false},"featured_media":24754,"template":"","meta":{"_et_pb_use_builder":"","_et_pb_old_content":"","_et_gb_content_width":""},"product_brand":[],"product_cat":[148,149],"product_tag":[94],"class_list":{"0":"post-24753","1":"product","2":"type-product","3":"status-publish","4":"has-post-thumbnail","6":"product_cat-femme-automne-hiver","7":"product_cat-sneakers-femme-automne-hiver","8":"product_tag-sneakers","10":"first","11":"instock","12":"taxable","13":"shipping-taxable","14":"purchasable","15":"product-type-variable"},"_links":{"self":[{"href":"https:\/\/www.cl-chausseur.com\/index.php\/wp-json\/wp\/v2\/product\/24753","targetHints":{"allow":["GET"]}}],"collection":[{"href":"https:\/\/www.cl-chausseur.com\/index.php\/wp-json\/wp\/v2\/product"}],"about":[{"href":"https:\/\/www.cl-chausseur.com\/index.php\/wp-json\/wp\/v2\/types\/product"}],"wp:featuredmedia":[{"embeddable":true,"href":"https:\/\/www.cl-chausseur.com\/index.php\/wp-json\/wp\/v2\/media\/24754"}],"wp:attachment":[{"href":"https:\/\/www.cl-chausseur.com\/index.php\/wp-json\/wp\/v2\/media?parent=24753"}],"wp:term":[{"taxonomy":"product_brand","embeddable":true,"href":"https:\/\/www.cl-chausseur.com\/index.php\/wp-json\/wp\/v2\/product_brand?post=24753"},{"taxonomy":"product_cat","embeddable":true,"href":"https:\/\/www.cl-chausseur.com\/index.php\/wp-json\/wp\/v2\/product_cat?post=24753"},{"taxonomy":"product_tag","embeddable":true,"href":"https:\/\/www.cl-chausseur.com\/index.php\/wp-json\/wp\/v2\/product_tag?post=24753"}],"curies":[{"name":"wp","href":"https:\/\/api.w.org\/{rel}","templated":true}]}}