{"id":24854,"date":"2021-10-08T16:14:35","date_gmt":"2021-10-08T14:14:35","guid":{"rendered":"https:\/\/www.cl-chausseur.com\/?post_type=product&#038;p=24854"},"modified":"2025-02-21T12:46:02","modified_gmt":"2025-02-21T11:46:02","slug":"olivia","status":"publish","type":"product","link":"https:\/\/www.cl-chausseur.com\/index.php\/produit\/olivia\/","title":{"rendered":"Olivia"},"content":{"rendered":"","protected":false},"excerpt":{"rendered":"<p>Velours fauve, doublure enti\u00e8rement cuir, semelle plateforme de 2,5cm, hauteur talon de 7cm, hauteur r\u00e9elle 4,5cm, semelle gomme, zip c\u00f4t\u00e9 ext\u00e9rieur.<\/p>\n<p>Un boots tr\u00e8s actuel ultra confortable.<\/p>\n<p>Conseil chaussant:ce mod\u00e8le Pons Quintana chausse normalement.Nous vous conseillons de prendre votre pointure habituelle.Pour un 39 prendre 39.<\/p>\n<p>Ne convient pas pour un pied mince.<\/p>\n","protected":false},"featured_media":24855,"template":"","meta":{"_et_pb_use_builder":"","_et_pb_old_content":"","_et_gb_content_width":""},"product_brand":[],"product_cat":[179,148],"product_tag":[103],"class_list":{"0":"post-24854","1":"product","2":"type-product","3":"status-publish","4":"has-post-thumbnail","6":"product_cat-boots-bottes","7":"product_cat-femme-automne-hiver","8":"product_tag-boots-bottes","10":"first","11":"instock","12":"taxable","13":"shipping-taxable","14":"purchasable","15":"product-type-variable"},"_links":{"self":[{"href":"https:\/\/www.cl-chausseur.com\/index.php\/wp-json\/wp\/v2\/product\/24854","targetHints":{"allow":["GET"]}}],"collection":[{"href":"https:\/\/www.cl-chausseur.com\/index.php\/wp-json\/wp\/v2\/product"}],"about":[{"href":"https:\/\/www.cl-chausseur.com\/index.php\/wp-json\/wp\/v2\/types\/product"}],"wp:featuredmedia":[{"embeddable":true,"href":"https:\/\/www.cl-chausseur.com\/index.php\/wp-json\/wp\/v2\/media\/24855"}],"wp:attachment":[{"href":"https:\/\/www.cl-chausseur.com\/index.php\/wp-json\/wp\/v2\/media?parent=24854"}],"wp:term":[{"taxonomy":"product_brand","embeddable":true,"href":"https:\/\/www.cl-chausseur.com\/index.php\/wp-json\/wp\/v2\/product_brand?post=24854"},{"taxonomy":"product_cat","embeddable":true,"href":"https:\/\/www.cl-chausseur.com\/index.php\/wp-json\/wp\/v2\/product_cat?post=24854"},{"taxonomy":"product_tag","embeddable":true,"href":"https:\/\/www.cl-chausseur.com\/index.php\/wp-json\/wp\/v2\/product_tag?post=24854"}],"curies":[{"name":"wp","href":"https:\/\/api.w.org\/{rel}","templated":true}]}}