{"id":24894,"date":"2021-10-08T17:01:21","date_gmt":"2021-10-08T15:01:21","guid":{"rendered":"https:\/\/www.cl-chausseur.com\/?post_type=product&#038;p=24894"},"modified":"2024-02-21T12:01:31","modified_gmt":"2024-02-21T11:01:31","slug":"dorgali","status":"publish","type":"product","link":"https:\/\/www.cl-chausseur.com\/index.php\/produit\/dorgali\/","title":{"rendered":"Dorgali"},"content":{"rendered":"","protected":false},"excerpt":{"rendered":"<p>Veau velours chocolat et bleu nuit, doublure enti\u00e8rement cuir, premi\u00e8re int\u00e9rieure cuir, semelle gomme ultra souple antid\u00e9rapante, talon de 3cm.<\/p>\n<p>Conseil chaussant:ce mod\u00e8le Brunate chausse normalement.Nous vous conseillons de prendre votre pointure habituelle.Pour un 38 prendre un 38.<\/p>\n","protected":false},"featured_media":24895,"template":"","meta":{"_et_pb_use_builder":"","_et_pb_old_content":"","_et_gb_content_width":""},"product_brand":[],"product_cat":[179,148],"product_tag":[103],"class_list":{"0":"post-24894","1":"product","2":"type-product","3":"status-publish","4":"has-post-thumbnail","6":"product_cat-boots-bottes","7":"product_cat-femme-automne-hiver","8":"product_tag-boots-bottes","10":"first","11":"instock","12":"taxable","13":"shipping-taxable","14":"purchasable","15":"product-type-variable"},"_links":{"self":[{"href":"https:\/\/www.cl-chausseur.com\/index.php\/wp-json\/wp\/v2\/product\/24894","targetHints":{"allow":["GET"]}}],"collection":[{"href":"https:\/\/www.cl-chausseur.com\/index.php\/wp-json\/wp\/v2\/product"}],"about":[{"href":"https:\/\/www.cl-chausseur.com\/index.php\/wp-json\/wp\/v2\/types\/product"}],"wp:featuredmedia":[{"embeddable":true,"href":"https:\/\/www.cl-chausseur.com\/index.php\/wp-json\/wp\/v2\/media\/24895"}],"wp:attachment":[{"href":"https:\/\/www.cl-chausseur.com\/index.php\/wp-json\/wp\/v2\/media?parent=24894"}],"wp:term":[{"taxonomy":"product_brand","embeddable":true,"href":"https:\/\/www.cl-chausseur.com\/index.php\/wp-json\/wp\/v2\/product_brand?post=24894"},{"taxonomy":"product_cat","embeddable":true,"href":"https:\/\/www.cl-chausseur.com\/index.php\/wp-json\/wp\/v2\/product_cat?post=24894"},{"taxonomy":"product_tag","embeddable":true,"href":"https:\/\/www.cl-chausseur.com\/index.php\/wp-json\/wp\/v2\/product_tag?post=24894"}],"curies":[{"name":"wp","href":"https:\/\/api.w.org\/{rel}","templated":true}]}}