{"id":25045,"date":"2021-10-09T14:48:05","date_gmt":"2021-10-09T12:48:05","guid":{"rendered":"https:\/\/www.cl-chausseur.com\/?post_type=product&#038;p=25045"},"modified":"2026-02-11T14:04:30","modified_gmt":"2026-02-11T13:04:30","slug":"craon3","status":"publish","type":"product","link":"https:\/\/www.cl-chausseur.com\/index.php\/produit\/craon3\/","title":{"rendered":"Craon3"},"content":{"rendered":"","protected":false},"excerpt":{"rendered":"<p>Veau velours noir, doublure enti\u00e8rement cuir, premi\u00e8re int\u00e9rieure cuir, mont\u00e9 et cousu main, semelle cuir avec patin antid\u00e9rapant encastr\u00e9, talon de 2cm.<\/p>\n<p>Conseil chaussant:ce mod\u00e8le \u00ab Gravati \u00bb chausse normalement.Pour un 37,5 prendre 37,5.<\/p>\n","protected":false},"featured_media":25046,"template":"","meta":{"_et_pb_use_builder":"","_et_pb_old_content":"","_et_gb_content_width":""},"product_brand":[],"product_cat":[148,165],"product_tag":[100],"class_list":{"0":"post-25045","1":"product","2":"type-product","3":"status-publish","4":"has-post-thumbnail","6":"product_cat-femme-automne-hiver","7":"product_cat-mocassins-femme-automne-hiver","8":"product_tag-mocassins-lacets","10":"first","11":"instock","12":"taxable","13":"shipping-taxable","14":"purchasable","15":"product-type-variable"},"_links":{"self":[{"href":"https:\/\/www.cl-chausseur.com\/index.php\/wp-json\/wp\/v2\/product\/25045","targetHints":{"allow":["GET"]}}],"collection":[{"href":"https:\/\/www.cl-chausseur.com\/index.php\/wp-json\/wp\/v2\/product"}],"about":[{"href":"https:\/\/www.cl-chausseur.com\/index.php\/wp-json\/wp\/v2\/types\/product"}],"wp:featuredmedia":[{"embeddable":true,"href":"https:\/\/www.cl-chausseur.com\/index.php\/wp-json\/wp\/v2\/media\/25046"}],"wp:attachment":[{"href":"https:\/\/www.cl-chausseur.com\/index.php\/wp-json\/wp\/v2\/media?parent=25045"}],"wp:term":[{"taxonomy":"product_brand","embeddable":true,"href":"https:\/\/www.cl-chausseur.com\/index.php\/wp-json\/wp\/v2\/product_brand?post=25045"},{"taxonomy":"product_cat","embeddable":true,"href":"https:\/\/www.cl-chausseur.com\/index.php\/wp-json\/wp\/v2\/product_cat?post=25045"},{"taxonomy":"product_tag","embeddable":true,"href":"https:\/\/www.cl-chausseur.com\/index.php\/wp-json\/wp\/v2\/product_tag?post=25045"}],"curies":[{"name":"wp","href":"https:\/\/api.w.org\/{rel}","templated":true}]}}