{"id":25163,"date":"2021-10-09T17:06:05","date_gmt":"2021-10-09T15:06:05","guid":{"rendered":"https:\/\/www.cl-chausseur.com\/?post_type=product&#038;p=25163"},"modified":"2026-02-11T15:50:57","modified_gmt":"2026-02-11T14:50:57","slug":"sabres-2","status":"publish","type":"product","link":"https:\/\/www.cl-chausseur.com\/index.php\/produit\/sabres-2\/","title":{"rendered":"Sabres"},"content":{"rendered":"","protected":false},"excerpt":{"rendered":"<p>Agneau plong\u00e9 fauve et agneau stretch fauve, doublure enti\u00e8rement agneau, semelle int\u00e9rieure cuir, semelle gomme ultra souple et l\u00e9g\u00e8re, talon de 3cm, zip c\u00f4t\u00e9 int\u00e9rieur.<\/p>\n<p>Une botte Masiero d&rsquo;une souplesse, d&rsquo;un confort exceptionnel, et d&rsquo;une l\u00e9g\u00e8ret\u00e9 incroyable.<\/p>\n<p>La photo ne rend pas la tr\u00e8s belle couleur fauve de cette botte.<\/p>\n<p>Conseil chaussant: ce mod\u00e8le chausse normalement.Nous vous conseillons de prendre votre pointure habituelle.Pour un 39 prendre 39.<\/p>\n","protected":false},"featured_media":25165,"template":"","meta":{"_et_pb_use_builder":"","_et_pb_old_content":"","_et_gb_content_width":""},"product_brand":[],"product_cat":[179,148],"product_tag":[103],"class_list":{"0":"post-25163","1":"product","2":"type-product","3":"status-publish","4":"has-post-thumbnail","6":"product_cat-boots-bottes","7":"product_cat-femme-automne-hiver","8":"product_tag-boots-bottes","10":"first","11":"instock","12":"taxable","13":"shipping-taxable","14":"purchasable","15":"product-type-variable"},"_links":{"self":[{"href":"https:\/\/www.cl-chausseur.com\/index.php\/wp-json\/wp\/v2\/product\/25163","targetHints":{"allow":["GET"]}}],"collection":[{"href":"https:\/\/www.cl-chausseur.com\/index.php\/wp-json\/wp\/v2\/product"}],"about":[{"href":"https:\/\/www.cl-chausseur.com\/index.php\/wp-json\/wp\/v2\/types\/product"}],"wp:featuredmedia":[{"embeddable":true,"href":"https:\/\/www.cl-chausseur.com\/index.php\/wp-json\/wp\/v2\/media\/25165"}],"wp:attachment":[{"href":"https:\/\/www.cl-chausseur.com\/index.php\/wp-json\/wp\/v2\/media?parent=25163"}],"wp:term":[{"taxonomy":"product_brand","embeddable":true,"href":"https:\/\/www.cl-chausseur.com\/index.php\/wp-json\/wp\/v2\/product_brand?post=25163"},{"taxonomy":"product_cat","embeddable":true,"href":"https:\/\/www.cl-chausseur.com\/index.php\/wp-json\/wp\/v2\/product_cat?post=25163"},{"taxonomy":"product_tag","embeddable":true,"href":"https:\/\/www.cl-chausseur.com\/index.php\/wp-json\/wp\/v2\/product_tag?post=25163"}],"curies":[{"name":"wp","href":"https:\/\/api.w.org\/{rel}","templated":true}]}}