{"id":25213,"date":"2021-10-09T17:54:18","date_gmt":"2021-10-09T15:54:18","guid":{"rendered":"https:\/\/www.cl-chausseur.com\/?post_type=product&#038;p=25213"},"modified":"2025-02-21T12:27:17","modified_gmt":"2025-02-21T11:27:17","slug":"tarbes1","status":"publish","type":"product","link":"https:\/\/www.cl-chausseur.com\/index.php\/produit\/tarbes1\/","title":{"rendered":"Tarbes1"},"content":{"rendered":"","protected":false},"excerpt":{"rendered":"<p>Agneau gris anthracite et veau velours stretch\u00e9 anthracite, doublure enti\u00e8rement agneau, semelle int\u00e9rieur cuir, semelle cuir souple avec patin antid\u00e9rapant, talon de 5cm, zip c\u00f4t\u00e9 int\u00e9rieur.<\/p>\n<p>Une botte Masiero d&rsquo;une grande souplesse et d&rsquo;un confort exceptionnel.<\/p>\n<p>Conseil chaussant:ce mod\u00e8le chausse normalement.Nous vous conseillons de prendre votre pointure habituelle.Pour un 38 prendre 38.<\/p>\n","protected":false},"featured_media":25214,"template":"","meta":{"_et_pb_use_builder":"","_et_pb_old_content":"","_et_gb_content_width":""},"product_brand":[],"product_cat":[179,148],"product_tag":[103],"class_list":{"0":"post-25213","1":"product","2":"type-product","3":"status-publish","4":"has-post-thumbnail","6":"product_cat-boots-bottes","7":"product_cat-femme-automne-hiver","8":"product_tag-boots-bottes","10":"first","11":"instock","12":"taxable","13":"shipping-taxable","14":"purchasable","15":"product-type-variable"},"_links":{"self":[{"href":"https:\/\/www.cl-chausseur.com\/index.php\/wp-json\/wp\/v2\/product\/25213","targetHints":{"allow":["GET"]}}],"collection":[{"href":"https:\/\/www.cl-chausseur.com\/index.php\/wp-json\/wp\/v2\/product"}],"about":[{"href":"https:\/\/www.cl-chausseur.com\/index.php\/wp-json\/wp\/v2\/types\/product"}],"wp:featuredmedia":[{"embeddable":true,"href":"https:\/\/www.cl-chausseur.com\/index.php\/wp-json\/wp\/v2\/media\/25214"}],"wp:attachment":[{"href":"https:\/\/www.cl-chausseur.com\/index.php\/wp-json\/wp\/v2\/media?parent=25213"}],"wp:term":[{"taxonomy":"product_brand","embeddable":true,"href":"https:\/\/www.cl-chausseur.com\/index.php\/wp-json\/wp\/v2\/product_brand?post=25213"},{"taxonomy":"product_cat","embeddable":true,"href":"https:\/\/www.cl-chausseur.com\/index.php\/wp-json\/wp\/v2\/product_cat?post=25213"},{"taxonomy":"product_tag","embeddable":true,"href":"https:\/\/www.cl-chausseur.com\/index.php\/wp-json\/wp\/v2\/product_tag?post=25213"}],"curies":[{"name":"wp","href":"https:\/\/api.w.org\/{rel}","templated":true}]}}