{"id":25404,"date":"2021-11-03T10:49:56","date_gmt":"2021-11-03T09:49:56","guid":{"rendered":"https:\/\/www.cl-chausseur.com\/?post_type=product&#038;p=25404"},"modified":"2026-02-11T16:20:13","modified_gmt":"2026-02-11T15:20:13","slug":"barbarano1","status":"publish","type":"product","link":"https:\/\/www.cl-chausseur.com\/index.php\/produit\/barbarano1\/","title":{"rendered":"Bagneux"},"content":{"rendered":"","protected":false},"excerpt":{"rendered":"<p>Microfibre chocolat, doublure enti\u00e8rement cuir, semelle gomme ultra souple et flex, talon design laqu\u00e9 noir non fragile de 3cm.<\/p>\n<p>Un escarpin facile \u00e0 porter, \u00e9l\u00e9gant et fonctionnel sur une mati\u00e8re tr\u00e8s r\u00e9sistante supportant la pluie avec peu d&rsquo;entretien.<\/p>\n<p>Conseil chaussant:ce mod\u00e8le chausse normalement.Nous vous conseillons de prendre votre pointure habituelle.Pour un 39 prendre 39.<\/p>\n","protected":false},"featured_media":25405,"template":"","meta":{"_et_pb_use_builder":"","_et_pb_old_content":"","_et_gb_content_width":""},"product_brand":[],"product_cat":[178,148],"product_tag":[109],"class_list":{"0":"post-25404","1":"product","2":"type-product","3":"status-publish","4":"has-post-thumbnail","6":"product_cat-escarpins-femme-automne-hiver","7":"product_cat-femme-automne-hiver","8":"product_tag-escarpins","10":"first","11":"instock","12":"taxable","13":"shipping-taxable","14":"purchasable","15":"product-type-variable"},"_links":{"self":[{"href":"https:\/\/www.cl-chausseur.com\/index.php\/wp-json\/wp\/v2\/product\/25404","targetHints":{"allow":["GET"]}}],"collection":[{"href":"https:\/\/www.cl-chausseur.com\/index.php\/wp-json\/wp\/v2\/product"}],"about":[{"href":"https:\/\/www.cl-chausseur.com\/index.php\/wp-json\/wp\/v2\/types\/product"}],"wp:featuredmedia":[{"embeddable":true,"href":"https:\/\/www.cl-chausseur.com\/index.php\/wp-json\/wp\/v2\/media\/25405"}],"wp:attachment":[{"href":"https:\/\/www.cl-chausseur.com\/index.php\/wp-json\/wp\/v2\/media?parent=25404"}],"wp:term":[{"taxonomy":"product_brand","embeddable":true,"href":"https:\/\/www.cl-chausseur.com\/index.php\/wp-json\/wp\/v2\/product_brand?post=25404"},{"taxonomy":"product_cat","embeddable":true,"href":"https:\/\/www.cl-chausseur.com\/index.php\/wp-json\/wp\/v2\/product_cat?post=25404"},{"taxonomy":"product_tag","embeddable":true,"href":"https:\/\/www.cl-chausseur.com\/index.php\/wp-json\/wp\/v2\/product_tag?post=25404"}],"curies":[{"name":"wp","href":"https:\/\/api.w.org\/{rel}","templated":true}]}}