{"id":25425,"date":"2021-11-03T11:29:31","date_gmt":"2021-11-03T10:29:31","guid":{"rendered":"https:\/\/www.cl-chausseur.com\/?post_type=product&#038;p=25425"},"modified":"2025-02-21T12:19:20","modified_gmt":"2025-02-21T11:19:20","slug":"porto1","status":"publish","type":"product","link":"https:\/\/www.cl-chausseur.com\/index.php\/produit\/porto1\/","title":{"rendered":"Porto1"},"content":{"rendered":"","protected":false},"excerpt":{"rendered":"<p>Veau velours chocolat, doublure enti\u00e8rement cuir, semelle int\u00e9rieure cuir, semelle gomme ultra souple et flex, talon design laqu\u00e9 noir non fragile de 6cm.<\/p>\n<p>Conseil chaussant:ce mod\u00e8le chausse grand.Nous vous conseillons de prendre une demi pointure en moins de votre pointure habituelle.Pour un 39 prendre 38,5 pour un 38,5 prendre 38.<\/p>\n","protected":false},"featured_media":25429,"template":"","meta":{"_et_pb_use_builder":"","_et_pb_old_content":"","_et_gb_content_width":""},"product_brand":[],"product_cat":[178,148],"product_tag":[109],"class_list":{"0":"post-25425","1":"product","2":"type-product","3":"status-publish","4":"has-post-thumbnail","6":"product_cat-escarpins-femme-automne-hiver","7":"product_cat-femme-automne-hiver","8":"product_tag-escarpins","10":"first","11":"instock","12":"taxable","13":"shipping-taxable","14":"purchasable","15":"product-type-variable"},"_links":{"self":[{"href":"https:\/\/www.cl-chausseur.com\/index.php\/wp-json\/wp\/v2\/product\/25425","targetHints":{"allow":["GET"]}}],"collection":[{"href":"https:\/\/www.cl-chausseur.com\/index.php\/wp-json\/wp\/v2\/product"}],"about":[{"href":"https:\/\/www.cl-chausseur.com\/index.php\/wp-json\/wp\/v2\/types\/product"}],"wp:featuredmedia":[{"embeddable":true,"href":"https:\/\/www.cl-chausseur.com\/index.php\/wp-json\/wp\/v2\/media\/25429"}],"wp:attachment":[{"href":"https:\/\/www.cl-chausseur.com\/index.php\/wp-json\/wp\/v2\/media?parent=25425"}],"wp:term":[{"taxonomy":"product_brand","embeddable":true,"href":"https:\/\/www.cl-chausseur.com\/index.php\/wp-json\/wp\/v2\/product_brand?post=25425"},{"taxonomy":"product_cat","embeddable":true,"href":"https:\/\/www.cl-chausseur.com\/index.php\/wp-json\/wp\/v2\/product_cat?post=25425"},{"taxonomy":"product_tag","embeddable":true,"href":"https:\/\/www.cl-chausseur.com\/index.php\/wp-json\/wp\/v2\/product_tag?post=25425"}],"curies":[{"name":"wp","href":"https:\/\/api.w.org\/{rel}","templated":true}]}}