{"id":25449,"date":"2021-11-03T12:22:52","date_gmt":"2021-11-03T11:22:52","guid":{"rendered":"https:\/\/www.cl-chausseur.com\/?post_type=product&#038;p=25449"},"modified":"2023-02-21T10:51:17","modified_gmt":"2023-02-21T09:51:17","slug":"tarragone","status":"publish","type":"product","link":"https:\/\/www.cl-chausseur.com\/index.php\/produit\/tarragone\/","title":{"rendered":"Tarragone"},"content":{"rendered":"","protected":false},"excerpt":{"rendered":"<p>Veau velours noir, doublure enti\u00e8rement cuir, semelle gomme ultra souple et flex, talon de 5cm.<\/p>\n<p>Ce mod\u00e8le est particuli\u00e8rement conseill\u00e9 pour les personnes ayant un pied fort et des d\u00e9formations car il a \u00e9t\u00e9 dessin\u00e9 pour envelopper ces anomalies du pied.<\/p>\n<p>Un mod\u00e8le \u00a0\u00bb Brunate\u00a0\u00bb ultra confortable \u00e0 porter au quotidien.<\/p>\n<p>Conseil chaussant:ce mod\u00e8le chausse normalement.Nous vous conseillons de prendre votre pointure habituelle.Pour un 39 prendre 39.<\/p>\n","protected":false},"featured_media":25450,"template":"","meta":{"_et_pb_use_builder":"","_et_pb_old_content":"","_et_gb_content_width":""},"product_brand":[],"product_cat":[178,148],"product_tag":[109],"class_list":{"0":"post-25449","1":"product","2":"type-product","3":"status-publish","4":"has-post-thumbnail","6":"product_cat-escarpins-femme-automne-hiver","7":"product_cat-femme-automne-hiver","8":"product_tag-escarpins","10":"first","11":"instock","12":"taxable","13":"shipping-taxable","14":"purchasable","15":"product-type-variable"},"_links":{"self":[{"href":"https:\/\/www.cl-chausseur.com\/index.php\/wp-json\/wp\/v2\/product\/25449","targetHints":{"allow":["GET"]}}],"collection":[{"href":"https:\/\/www.cl-chausseur.com\/index.php\/wp-json\/wp\/v2\/product"}],"about":[{"href":"https:\/\/www.cl-chausseur.com\/index.php\/wp-json\/wp\/v2\/types\/product"}],"wp:featuredmedia":[{"embeddable":true,"href":"https:\/\/www.cl-chausseur.com\/index.php\/wp-json\/wp\/v2\/media\/25450"}],"wp:attachment":[{"href":"https:\/\/www.cl-chausseur.com\/index.php\/wp-json\/wp\/v2\/media?parent=25449"}],"wp:term":[{"taxonomy":"product_brand","embeddable":true,"href":"https:\/\/www.cl-chausseur.com\/index.php\/wp-json\/wp\/v2\/product_brand?post=25449"},{"taxonomy":"product_cat","embeddable":true,"href":"https:\/\/www.cl-chausseur.com\/index.php\/wp-json\/wp\/v2\/product_cat?post=25449"},{"taxonomy":"product_tag","embeddable":true,"href":"https:\/\/www.cl-chausseur.com\/index.php\/wp-json\/wp\/v2\/product_tag?post=25449"}],"curies":[{"name":"wp","href":"https:\/\/api.w.org\/{rel}","templated":true}]}}