{"id":25556,"date":"2021-11-23T17:47:59","date_gmt":"2021-11-23T16:47:59","guid":{"rendered":"https:\/\/www.cl-chausseur.com\/?post_type=product&#038;p=25556"},"modified":"2026-02-11T15:35:20","modified_gmt":"2026-02-11T14:35:20","slug":"opio1","status":"publish","type":"product","link":"https:\/\/www.cl-chausseur.com\/index.php\/produit\/opio1\/","title":{"rendered":"Derval1"},"content":{"rendered":"","protected":false},"excerpt":{"rendered":"<p>Veau ultra souple noir, doublure enti\u00e8rement cuir, premi\u00e8re int\u00e9rieure cuir, semelle cuir souple avec patin antid\u00e9rapant, zip c\u00f4t\u00e9 int\u00e9rieur, talon de 3,5cm.<\/p>\n<p>Un boots tiag bien \u00e9quilibr\u00e9, et ultra confortable \u00e0 porter avec des jean&rsquo;s.<\/p>\n<p>Conseil chaussant:ce mod\u00e8le chausse normalement.Nous vous conseillons de prendre votre pointure habituelle.<\/p>\n","protected":false},"featured_media":25558,"template":"","meta":{"_et_pb_use_builder":"","_et_pb_old_content":"","_et_gb_content_width":""},"product_brand":[],"product_cat":[179,148],"product_tag":[103],"class_list":{"0":"post-25556","1":"product","2":"type-product","3":"status-publish","4":"has-post-thumbnail","6":"product_cat-boots-bottes","7":"product_cat-femme-automne-hiver","8":"product_tag-boots-bottes","10":"first","11":"instock","12":"taxable","13":"shipping-taxable","14":"purchasable","15":"product-type-variable"},"_links":{"self":[{"href":"https:\/\/www.cl-chausseur.com\/index.php\/wp-json\/wp\/v2\/product\/25556","targetHints":{"allow":["GET"]}}],"collection":[{"href":"https:\/\/www.cl-chausseur.com\/index.php\/wp-json\/wp\/v2\/product"}],"about":[{"href":"https:\/\/www.cl-chausseur.com\/index.php\/wp-json\/wp\/v2\/types\/product"}],"wp:featuredmedia":[{"embeddable":true,"href":"https:\/\/www.cl-chausseur.com\/index.php\/wp-json\/wp\/v2\/media\/25558"}],"wp:attachment":[{"href":"https:\/\/www.cl-chausseur.com\/index.php\/wp-json\/wp\/v2\/media?parent=25556"}],"wp:term":[{"taxonomy":"product_brand","embeddable":true,"href":"https:\/\/www.cl-chausseur.com\/index.php\/wp-json\/wp\/v2\/product_brand?post=25556"},{"taxonomy":"product_cat","embeddable":true,"href":"https:\/\/www.cl-chausseur.com\/index.php\/wp-json\/wp\/v2\/product_cat?post=25556"},{"taxonomy":"product_tag","embeddable":true,"href":"https:\/\/www.cl-chausseur.com\/index.php\/wp-json\/wp\/v2\/product_tag?post=25556"}],"curies":[{"name":"wp","href":"https:\/\/api.w.org\/{rel}","templated":true}]}}