{"id":26607,"date":"2022-10-11T18:55:01","date_gmt":"2022-10-11T16:55:01","guid":{"rendered":"https:\/\/www.cl-chausseur.com\/?post_type=product&#038;p=26607"},"modified":"2025-10-07T12:14:18","modified_gmt":"2025-10-07T10:14:18","slug":"ablon-2","status":"publish","type":"product","link":"https:\/\/www.cl-chausseur.com\/index.php\/produit\/ablon-2\/","title":{"rendered":"Ablon"},"content":{"rendered":"","protected":false},"excerpt":{"rendered":"<p>Agneau noir, doublure enti\u00e8rement cuir, mors argent, semelle gomme design ultra l\u00e9g\u00e8re, souple et articul\u00e9e, talon de 3cm.<\/p>\n<p>Un mocassin moderne ultra souple et poids plume tr\u00e8s tendance de cet Hiver.<\/p>\n<p>Conseil chaussant:ce mod\u00e8le chausse grand.Nous vous conseillons de prendre une demi pointure de moins de votre pointure habituelle.Pour un 38 prendre 37,5.<\/p>\n","protected":false},"featured_media":26608,"template":"","meta":{"_et_pb_use_builder":"","_et_pb_old_content":"","_et_gb_content_width":""},"product_brand":[],"product_cat":[148,165],"product_tag":[100],"class_list":{"0":"post-26607","1":"product","2":"type-product","3":"status-publish","4":"has-post-thumbnail","6":"product_cat-femme-automne-hiver","7":"product_cat-mocassins-femme-automne-hiver","8":"product_tag-mocassins-lacets","10":"first","11":"instock","12":"taxable","13":"shipping-taxable","14":"purchasable","15":"product-type-variable"},"_links":{"self":[{"href":"https:\/\/www.cl-chausseur.com\/index.php\/wp-json\/wp\/v2\/product\/26607","targetHints":{"allow":["GET"]}}],"collection":[{"href":"https:\/\/www.cl-chausseur.com\/index.php\/wp-json\/wp\/v2\/product"}],"about":[{"href":"https:\/\/www.cl-chausseur.com\/index.php\/wp-json\/wp\/v2\/types\/product"}],"wp:featuredmedia":[{"embeddable":true,"href":"https:\/\/www.cl-chausseur.com\/index.php\/wp-json\/wp\/v2\/media\/26608"}],"wp:attachment":[{"href":"https:\/\/www.cl-chausseur.com\/index.php\/wp-json\/wp\/v2\/media?parent=26607"}],"wp:term":[{"taxonomy":"product_brand","embeddable":true,"href":"https:\/\/www.cl-chausseur.com\/index.php\/wp-json\/wp\/v2\/product_brand?post=26607"},{"taxonomy":"product_cat","embeddable":true,"href":"https:\/\/www.cl-chausseur.com\/index.php\/wp-json\/wp\/v2\/product_cat?post=26607"},{"taxonomy":"product_tag","embeddable":true,"href":"https:\/\/www.cl-chausseur.com\/index.php\/wp-json\/wp\/v2\/product_tag?post=26607"}],"curies":[{"name":"wp","href":"https:\/\/api.w.org\/{rel}","templated":true}]}}