{"id":26893,"date":"2022-10-13T17:49:25","date_gmt":"2022-10-13T15:49:25","guid":{"rendered":"https:\/\/www.cl-chausseur.com\/?post_type=product&#038;p=26893"},"modified":"2025-02-21T12:02:31","modified_gmt":"2025-02-21T11:02:31","slug":"montreal3","status":"publish","type":"product","link":"https:\/\/www.cl-chausseur.com\/index.php\/produit\/montreal3\/","title":{"rendered":"Detroit3"},"content":{"rendered":"","protected":false},"excerpt":{"rendered":"<p>Velours souple tabac, doublure enti\u00e8rement agneau, semelle int\u00e9rieure cuir amovible, semelle gomme naturelle, talon de 3cm rehauss\u00e9 par l&rsquo;int\u00e9rieur, zip sur le c\u00f4t\u00e9.<\/p>\n<p>Toutes les peausseries sont tann\u00e9es sans chrome et les teintures sont v\u00e9g\u00e9tales.<\/p>\n<p>Conseil chaussant:ce mod\u00e8le Candice Cooper chausse normalement.Nous vous conseillons de prendre votre pointure habituelle.Pour un 36 prendre 36.Pour un 35,5 prendre 36.<\/p>\n","protected":false},"featured_media":26894,"template":"","meta":{"_et_pb_use_builder":"","_et_pb_old_content":"","_et_gb_content_width":""},"product_brand":[],"product_cat":[148,149],"product_tag":[94],"class_list":{"0":"post-26893","1":"product","2":"type-product","3":"status-publish","4":"has-post-thumbnail","6":"product_cat-femme-automne-hiver","7":"product_cat-sneakers-femme-automne-hiver","8":"product_tag-sneakers","10":"first","11":"instock","12":"taxable","13":"shipping-taxable","14":"purchasable","15":"product-type-variable"},"_links":{"self":[{"href":"https:\/\/www.cl-chausseur.com\/index.php\/wp-json\/wp\/v2\/product\/26893","targetHints":{"allow":["GET"]}}],"collection":[{"href":"https:\/\/www.cl-chausseur.com\/index.php\/wp-json\/wp\/v2\/product"}],"about":[{"href":"https:\/\/www.cl-chausseur.com\/index.php\/wp-json\/wp\/v2\/types\/product"}],"wp:featuredmedia":[{"embeddable":true,"href":"https:\/\/www.cl-chausseur.com\/index.php\/wp-json\/wp\/v2\/media\/26894"}],"wp:attachment":[{"href":"https:\/\/www.cl-chausseur.com\/index.php\/wp-json\/wp\/v2\/media?parent=26893"}],"wp:term":[{"taxonomy":"product_brand","embeddable":true,"href":"https:\/\/www.cl-chausseur.com\/index.php\/wp-json\/wp\/v2\/product_brand?post=26893"},{"taxonomy":"product_cat","embeddable":true,"href":"https:\/\/www.cl-chausseur.com\/index.php\/wp-json\/wp\/v2\/product_cat?post=26893"},{"taxonomy":"product_tag","embeddable":true,"href":"https:\/\/www.cl-chausseur.com\/index.php\/wp-json\/wp\/v2\/product_tag?post=26893"}],"curies":[{"name":"wp","href":"https:\/\/api.w.org\/{rel}","templated":true}]}}