{"id":26952,"date":"2022-10-14T12:51:12","date_gmt":"2022-10-14T10:51:12","guid":{"rendered":"https:\/\/www.cl-chausseur.com\/?post_type=product&#038;p=26952"},"modified":"2026-02-11T14:41:05","modified_gmt":"2026-02-11T13:41:05","slug":"arles2","status":"publish","type":"product","link":"https:\/\/www.cl-chausseur.com\/index.php\/produit\/arles2\/","title":{"rendered":"Arles2"},"content":{"rendered":"","protected":false},"excerpt":{"rendered":"<p>Veau velours kaki, doublure enti\u00e8rement cuir, zip arri\u00e8re et zip avant, semelle int\u00e9rieure cuir amovible, semelle gomme souple et ultra l\u00e9g\u00e8re.<\/p>\n<p>Conseil chaussant:ce mod\u00e8le AGL chausse normalement.Nous vous conseillons de prendre votre pointure habituelle.<\/p>\n","protected":false},"featured_media":26953,"template":"","meta":{"_et_pb_use_builder":"","_et_pb_old_content":"","_et_gb_content_width":""},"product_brand":[],"product_cat":[179,148],"product_tag":[103],"class_list":{"0":"post-26952","1":"product","2":"type-product","3":"status-publish","4":"has-post-thumbnail","6":"product_cat-boots-bottes","7":"product_cat-femme-automne-hiver","8":"product_tag-boots-bottes","10":"first","11":"instock","12":"taxable","13":"shipping-taxable","14":"purchasable","15":"product-type-variable"},"_links":{"self":[{"href":"https:\/\/www.cl-chausseur.com\/index.php\/wp-json\/wp\/v2\/product\/26952","targetHints":{"allow":["GET"]}}],"collection":[{"href":"https:\/\/www.cl-chausseur.com\/index.php\/wp-json\/wp\/v2\/product"}],"about":[{"href":"https:\/\/www.cl-chausseur.com\/index.php\/wp-json\/wp\/v2\/types\/product"}],"wp:featuredmedia":[{"embeddable":true,"href":"https:\/\/www.cl-chausseur.com\/index.php\/wp-json\/wp\/v2\/media\/26953"}],"wp:attachment":[{"href":"https:\/\/www.cl-chausseur.com\/index.php\/wp-json\/wp\/v2\/media?parent=26952"}],"wp:term":[{"taxonomy":"product_brand","embeddable":true,"href":"https:\/\/www.cl-chausseur.com\/index.php\/wp-json\/wp\/v2\/product_brand?post=26952"},{"taxonomy":"product_cat","embeddable":true,"href":"https:\/\/www.cl-chausseur.com\/index.php\/wp-json\/wp\/v2\/product_cat?post=26952"},{"taxonomy":"product_tag","embeddable":true,"href":"https:\/\/www.cl-chausseur.com\/index.php\/wp-json\/wp\/v2\/product_tag?post=26952"}],"curies":[{"name":"wp","href":"https:\/\/api.w.org\/{rel}","templated":true}]}}