{"id":27021,"date":"2022-10-14T15:03:51","date_gmt":"2022-10-14T13:03:51","guid":{"rendered":"https:\/\/www.cl-chausseur.com\/?post_type=product&#038;p=27021"},"modified":"2025-02-21T12:00:45","modified_gmt":"2025-02-21T11:00:45","slug":"bellac-2","status":"publish","type":"product","link":"https:\/\/www.cl-chausseur.com\/index.php\/produit\/bellac-2\/","title":{"rendered":"Bellac"},"content":{"rendered":"","protected":false},"excerpt":{"rendered":"<p>Agneau plong\u00e9 marron, doublure enti\u00e8rement cuir, semelle design ultra souple et l\u00e9g\u00e8re, \u00e9lastique de chaque c\u00f4t\u00e9.<\/p>\n<p>Un boots \u00ab\u00a0Lorenzo Masiero\u00a0\u00bb  tr\u00e8s tendance ultra souple, d&rsquo;un poids plume et d&rsquo;un confort exceptionnel qui s&rsquo;enfile et se retire tr\u00e8s facilement.<\/p>\n<p>Conseil chaussant:Nous vous conseillons de prendre votre pointure habituelle.Pour un 36,5 prendre 36,5.<\/p>\n","protected":false},"featured_media":27022,"template":"","meta":{"_et_pb_use_builder":"","_et_pb_old_content":"","_et_gb_content_width":""},"product_brand":[],"product_cat":[179,148],"product_tag":[103],"class_list":{"0":"post-27021","1":"product","2":"type-product","3":"status-publish","4":"has-post-thumbnail","6":"product_cat-boots-bottes","7":"product_cat-femme-automne-hiver","8":"product_tag-boots-bottes","10":"first","11":"instock","12":"taxable","13":"shipping-taxable","14":"purchasable","15":"product-type-variable"},"_links":{"self":[{"href":"https:\/\/www.cl-chausseur.com\/index.php\/wp-json\/wp\/v2\/product\/27021","targetHints":{"allow":["GET"]}}],"collection":[{"href":"https:\/\/www.cl-chausseur.com\/index.php\/wp-json\/wp\/v2\/product"}],"about":[{"href":"https:\/\/www.cl-chausseur.com\/index.php\/wp-json\/wp\/v2\/types\/product"}],"wp:featuredmedia":[{"embeddable":true,"href":"https:\/\/www.cl-chausseur.com\/index.php\/wp-json\/wp\/v2\/media\/27022"}],"wp:attachment":[{"href":"https:\/\/www.cl-chausseur.com\/index.php\/wp-json\/wp\/v2\/media?parent=27021"}],"wp:term":[{"taxonomy":"product_brand","embeddable":true,"href":"https:\/\/www.cl-chausseur.com\/index.php\/wp-json\/wp\/v2\/product_brand?post=27021"},{"taxonomy":"product_cat","embeddable":true,"href":"https:\/\/www.cl-chausseur.com\/index.php\/wp-json\/wp\/v2\/product_cat?post=27021"},{"taxonomy":"product_tag","embeddable":true,"href":"https:\/\/www.cl-chausseur.com\/index.php\/wp-json\/wp\/v2\/product_tag?post=27021"}],"curies":[{"name":"wp","href":"https:\/\/api.w.org\/{rel}","templated":true}]}}