{"id":27105,"date":"2022-10-15T11:57:19","date_gmt":"2022-10-15T09:57:19","guid":{"rendered":"https:\/\/www.cl-chausseur.com\/?post_type=product&#038;p=27105"},"modified":"2026-02-11T15:38:14","modified_gmt":"2026-02-11T14:38:14","slug":"gardanne","status":"publish","type":"product","link":"https:\/\/www.cl-chausseur.com\/index.php\/produit\/gardanne\/","title":{"rendered":"Gardanne"},"content":{"rendered":"","protected":false},"excerpt":{"rendered":"<p>Veau velours kaki, doublure enti\u00e8rement cuir, semelle cuir avec patin antid\u00e9rapant encastr\u00e9, talon de 5cm, zip arri\u00e8re, la\u00e7age sur le devant pour ajuster au coup de pied et cheville.<\/p>\n<p>Un boots AGL f\u00e9minin facile \u00e0 porter tous les jours en jupe, robe et pantalon dans un confort exceptionnel.<\/p>\n<p>Conseil chaussant:ce modele chausse normalement.Nous vous conseillons de prendre votre pointure habituelle.<\/p>\n","protected":false},"featured_media":27106,"template":"","meta":{"_et_pb_use_builder":"","_et_pb_old_content":"","_et_gb_content_width":""},"product_brand":[],"product_cat":[179,148],"product_tag":[103],"class_list":{"0":"post-27105","1":"product","2":"type-product","3":"status-publish","4":"has-post-thumbnail","6":"product_cat-boots-bottes","7":"product_cat-femme-automne-hiver","8":"product_tag-boots-bottes","10":"first","11":"instock","12":"taxable","13":"shipping-taxable","14":"purchasable","15":"product-type-variable"},"_links":{"self":[{"href":"https:\/\/www.cl-chausseur.com\/index.php\/wp-json\/wp\/v2\/product\/27105","targetHints":{"allow":["GET"]}}],"collection":[{"href":"https:\/\/www.cl-chausseur.com\/index.php\/wp-json\/wp\/v2\/product"}],"about":[{"href":"https:\/\/www.cl-chausseur.com\/index.php\/wp-json\/wp\/v2\/types\/product"}],"wp:featuredmedia":[{"embeddable":true,"href":"https:\/\/www.cl-chausseur.com\/index.php\/wp-json\/wp\/v2\/media\/27106"}],"wp:attachment":[{"href":"https:\/\/www.cl-chausseur.com\/index.php\/wp-json\/wp\/v2\/media?parent=27105"}],"wp:term":[{"taxonomy":"product_brand","embeddable":true,"href":"https:\/\/www.cl-chausseur.com\/index.php\/wp-json\/wp\/v2\/product_brand?post=27105"},{"taxonomy":"product_cat","embeddable":true,"href":"https:\/\/www.cl-chausseur.com\/index.php\/wp-json\/wp\/v2\/product_cat?post=27105"},{"taxonomy":"product_tag","embeddable":true,"href":"https:\/\/www.cl-chausseur.com\/index.php\/wp-json\/wp\/v2\/product_tag?post=27105"}],"curies":[{"name":"wp","href":"https:\/\/api.w.org\/{rel}","templated":true}]}}