{"id":27123,"date":"2022-10-15T12:25:49","date_gmt":"2022-10-15T10:25:49","guid":{"rendered":"https:\/\/www.cl-chausseur.com\/?post_type=product&#038;p=27123"},"modified":"2025-11-21T10:51:00","modified_gmt":"2025-11-21T09:51:00","slug":"oran-2","status":"publish","type":"product","link":"https:\/\/www.cl-chausseur.com\/index.php\/produit\/oran-2\/","title":{"rendered":"Oran"},"content":{"rendered":"","protected":false},"excerpt":{"rendered":"<p>Veau velours noir, doublure enti\u00e8rement cuir, semelle gomme ultra souple et antid\u00e9rapante, talon design de 3cm, zip sur le c\u00f4t\u00e9.<\/p>\n<p>Un boots \u00ab\u00a0Brunate\u00a0\u00bb ultra confortable et \u00e9l\u00e9gant.<\/p>\n<p>Conseil chaussant:ce mod\u00e8le chausse normalement.Nous vous conseillons de prendre votre pointure habituelle.Pour un 39 prendre 39.<\/p>\n","protected":false},"featured_media":27124,"template":"","meta":{"_et_pb_use_builder":"","_et_pb_old_content":"","_et_gb_content_width":""},"product_brand":[],"product_cat":[179,148],"product_tag":[103],"class_list":{"0":"post-27123","1":"product","2":"type-product","3":"status-publish","4":"has-post-thumbnail","6":"product_cat-boots-bottes","7":"product_cat-femme-automne-hiver","8":"product_tag-boots-bottes","10":"first","11":"instock","12":"taxable","13":"shipping-taxable","14":"purchasable","15":"product-type-variable"},"_links":{"self":[{"href":"https:\/\/www.cl-chausseur.com\/index.php\/wp-json\/wp\/v2\/product\/27123","targetHints":{"allow":["GET"]}}],"collection":[{"href":"https:\/\/www.cl-chausseur.com\/index.php\/wp-json\/wp\/v2\/product"}],"about":[{"href":"https:\/\/www.cl-chausseur.com\/index.php\/wp-json\/wp\/v2\/types\/product"}],"wp:featuredmedia":[{"embeddable":true,"href":"https:\/\/www.cl-chausseur.com\/index.php\/wp-json\/wp\/v2\/media\/27124"}],"wp:attachment":[{"href":"https:\/\/www.cl-chausseur.com\/index.php\/wp-json\/wp\/v2\/media?parent=27123"}],"wp:term":[{"taxonomy":"product_brand","embeddable":true,"href":"https:\/\/www.cl-chausseur.com\/index.php\/wp-json\/wp\/v2\/product_brand?post=27123"},{"taxonomy":"product_cat","embeddable":true,"href":"https:\/\/www.cl-chausseur.com\/index.php\/wp-json\/wp\/v2\/product_cat?post=27123"},{"taxonomy":"product_tag","embeddable":true,"href":"https:\/\/www.cl-chausseur.com\/index.php\/wp-json\/wp\/v2\/product_tag?post=27123"}],"curies":[{"name":"wp","href":"https:\/\/api.w.org\/{rel}","templated":true}]}}