{"id":27362,"date":"2022-11-08T16:40:01","date_gmt":"2022-11-08T15:40:01","guid":{"rendered":"https:\/\/www.cl-chausseur.com\/?post_type=product&#038;p=27362"},"modified":"2025-03-08T15:44:44","modified_gmt":"2025-03-08T14:44:44","slug":"biscarrosse","status":"publish","type":"product","link":"https:\/\/www.cl-chausseur.com\/index.php\/produit\/biscarrosse\/","title":{"rendered":"Biscarrosse1"},"content":{"rendered":"","protected":false},"excerpt":{"rendered":"<p>Veau velours noir, doublure enti\u00e8rement cuir, semelle gomme ultra souple et antid\u00e9rapante, talon de 5cm.<\/p>\n<p>Un escarpin enveloppant \u00ab\u00a0Brunate\u00a0\u00bb ultra souple et confortable.<\/p>\n<p>Modernit\u00e9, talon \u00e9pais, ligne pure et enveloppante qui d\u00e9gage le dessus du pied et qui gomme les d\u00e9formations du pied.<\/p>\n<p>Conseil chaussant:ce mod\u00e8le chausse grand.Nous vous conseillons de prendre une demi pointure de moins de votre pointure habituelle.Pour un 37 prendre 36,5.<\/p>\n","protected":false},"featured_media":29660,"template":"","meta":{"_et_pb_use_builder":"","_et_pb_old_content":"","_et_gb_content_width":""},"product_brand":[],"product_cat":[178,148],"product_tag":[109],"class_list":{"0":"post-27362","1":"product","2":"type-product","3":"status-publish","4":"has-post-thumbnail","6":"product_cat-escarpins-femme-automne-hiver","7":"product_cat-femme-automne-hiver","8":"product_tag-escarpins","10":"first","11":"instock","12":"taxable","13":"shipping-taxable","14":"purchasable","15":"product-type-variable"},"_links":{"self":[{"href":"https:\/\/www.cl-chausseur.com\/index.php\/wp-json\/wp\/v2\/product\/27362","targetHints":{"allow":["GET"]}}],"collection":[{"href":"https:\/\/www.cl-chausseur.com\/index.php\/wp-json\/wp\/v2\/product"}],"about":[{"href":"https:\/\/www.cl-chausseur.com\/index.php\/wp-json\/wp\/v2\/types\/product"}],"wp:featuredmedia":[{"embeddable":true,"href":"https:\/\/www.cl-chausseur.com\/index.php\/wp-json\/wp\/v2\/media\/29660"}],"wp:attachment":[{"href":"https:\/\/www.cl-chausseur.com\/index.php\/wp-json\/wp\/v2\/media?parent=27362"}],"wp:term":[{"taxonomy":"product_brand","embeddable":true,"href":"https:\/\/www.cl-chausseur.com\/index.php\/wp-json\/wp\/v2\/product_brand?post=27362"},{"taxonomy":"product_cat","embeddable":true,"href":"https:\/\/www.cl-chausseur.com\/index.php\/wp-json\/wp\/v2\/product_cat?post=27362"},{"taxonomy":"product_tag","embeddable":true,"href":"https:\/\/www.cl-chausseur.com\/index.php\/wp-json\/wp\/v2\/product_tag?post=27362"}],"curies":[{"name":"wp","href":"https:\/\/api.w.org\/{rel}","templated":true}]}}