{"id":27388,"date":"2022-11-08T17:09:03","date_gmt":"2022-11-08T16:09:03","guid":{"rendered":"https:\/\/www.cl-chausseur.com\/?post_type=product&#038;p=27388"},"modified":"2025-11-21T10:49:33","modified_gmt":"2025-11-21T09:49:33","slug":"woippy","status":"publish","type":"product","link":"https:\/\/www.cl-chausseur.com\/index.php\/produit\/woippy\/","title":{"rendered":"Brassac"},"content":{"rendered":"","protected":false},"excerpt":{"rendered":"<p>Veau velours noir et stretch noir, doublure enti\u00e8rement agneau, cousu sacchetto, talon compens\u00e9 de 3cm, zip sur le devant du pied, semelle gomme ultra l\u00e9g\u00e8re et souple.<\/p>\n<p>Un boots\u00a0\u00bbThierry Rabotin\u00a0\u00bb ultra souple, poids plume et d&rsquo;un confort exceptionnel.<\/p>\n<p>Conseil chaussant:ce mod\u00e8le chausse normalement.Pour un 36,5 prendre 36,5.<\/p>\n","protected":false},"featured_media":29494,"template":"","meta":{"_et_pb_use_builder":"","_et_pb_old_content":"","_et_gb_content_width":""},"product_brand":[],"product_cat":[179,148],"product_tag":[103],"class_list":{"0":"post-27388","1":"product","2":"type-product","3":"status-publish","4":"has-post-thumbnail","6":"product_cat-boots-bottes","7":"product_cat-femme-automne-hiver","8":"product_tag-boots-bottes","10":"first","11":"instock","12":"taxable","13":"shipping-taxable","14":"purchasable","15":"product-type-variable"},"_links":{"self":[{"href":"https:\/\/www.cl-chausseur.com\/index.php\/wp-json\/wp\/v2\/product\/27388","targetHints":{"allow":["GET"]}}],"collection":[{"href":"https:\/\/www.cl-chausseur.com\/index.php\/wp-json\/wp\/v2\/product"}],"about":[{"href":"https:\/\/www.cl-chausseur.com\/index.php\/wp-json\/wp\/v2\/types\/product"}],"wp:featuredmedia":[{"embeddable":true,"href":"https:\/\/www.cl-chausseur.com\/index.php\/wp-json\/wp\/v2\/media\/29494"}],"wp:attachment":[{"href":"https:\/\/www.cl-chausseur.com\/index.php\/wp-json\/wp\/v2\/media?parent=27388"}],"wp:term":[{"taxonomy":"product_brand","embeddable":true,"href":"https:\/\/www.cl-chausseur.com\/index.php\/wp-json\/wp\/v2\/product_brand?post=27388"},{"taxonomy":"product_cat","embeddable":true,"href":"https:\/\/www.cl-chausseur.com\/index.php\/wp-json\/wp\/v2\/product_cat?post=27388"},{"taxonomy":"product_tag","embeddable":true,"href":"https:\/\/www.cl-chausseur.com\/index.php\/wp-json\/wp\/v2\/product_tag?post=27388"}],"curies":[{"name":"wp","href":"https:\/\/api.w.org\/{rel}","templated":true}]}}