{"id":28371,"date":"2023-04-07T12:27:08","date_gmt":"2023-04-07T10:27:08","guid":{"rendered":"https:\/\/www.cl-chausseur.com\/?post_type=product&#038;p=28371"},"modified":"2023-04-07T12:27:08","modified_gmt":"2023-04-07T10:27:08","slug":"abzac5","status":"publish","type":"product","link":"https:\/\/www.cl-chausseur.com\/index.php\/produit\/abzac5\/","title":{"rendered":"Abzac5"},"content":{"rendered":"","protected":false},"excerpt":{"rendered":"<p>Veau grain\u00e9 beige clair ultra souple, doublure int\u00e9rieure en coton gris perle, fermeture compl\u00e8te du sac par zip, 2 poches \u00e0 l&rsquo;int\u00e9rieur dont une poche zipp\u00e9e, bandouli\u00e8re r\u00e9glable en veau grain\u00e9 beige  <\/p>\n<p>clair et coton gris perle.<\/p>\n<p>Un sac fonctionnel, \u00e9l\u00e9gant \u00e0 porter main ou en travers.<\/p>\n<p>Dimensions: Longueur  28cm   Hauteur 20cm.<\/p>\n","protected":false},"featured_media":28373,"template":"","meta":{"_et_pb_use_builder":"","_et_pb_old_content":"","_et_gb_content_width":""},"product_brand":[],"product_cat":[155,156],"product_tag":[191],"class_list":{"0":"post-28371","1":"product","2":"type-product","3":"status-publish","4":"has-post-thumbnail","6":"product_cat-maroquinerie-printemps-ete","7":"product_cat-sac-main","8":"product_tag-sac-a-main","10":"first","11":"instock","12":"taxable","13":"shipping-taxable","14":"purchasable","15":"product-type-simple"},"_links":{"self":[{"href":"https:\/\/www.cl-chausseur.com\/index.php\/wp-json\/wp\/v2\/product\/28371","targetHints":{"allow":["GET"]}}],"collection":[{"href":"https:\/\/www.cl-chausseur.com\/index.php\/wp-json\/wp\/v2\/product"}],"about":[{"href":"https:\/\/www.cl-chausseur.com\/index.php\/wp-json\/wp\/v2\/types\/product"}],"wp:featuredmedia":[{"embeddable":true,"href":"https:\/\/www.cl-chausseur.com\/index.php\/wp-json\/wp\/v2\/media\/28373"}],"wp:attachment":[{"href":"https:\/\/www.cl-chausseur.com\/index.php\/wp-json\/wp\/v2\/media?parent=28371"}],"wp:term":[{"taxonomy":"product_brand","embeddable":true,"href":"https:\/\/www.cl-chausseur.com\/index.php\/wp-json\/wp\/v2\/product_brand?post=28371"},{"taxonomy":"product_cat","embeddable":true,"href":"https:\/\/www.cl-chausseur.com\/index.php\/wp-json\/wp\/v2\/product_cat?post=28371"},{"taxonomy":"product_tag","embeddable":true,"href":"https:\/\/www.cl-chausseur.com\/index.php\/wp-json\/wp\/v2\/product_tag?post=28371"}],"curies":[{"name":"wp","href":"https:\/\/api.w.org\/{rel}","templated":true}]}}