{"id":28632,"date":"2023-05-26T15:13:19","date_gmt":"2023-05-26T13:13:19","guid":{"rendered":"https:\/\/www.cl-chausseur.com\/?post_type=product&#038;p=28632"},"modified":"2025-11-27T18:47:22","modified_gmt":"2025-11-27T17:47:22","slug":"aldin1","status":"publish","type":"product","link":"https:\/\/www.cl-chausseur.com\/index.php\/produit\/aldin1\/","title":{"rendered":"Albi4"},"content":{"rendered":"","protected":false},"excerpt":{"rendered":"<p>Agneau beige matelass\u00e9 et agneau noir, doublure enti\u00e8rement cuir, semelle int\u00e9rieure cuir, semelle cuir, talon de 2cm.<\/p>\n<p>Une ballerine intemporelle, \u00e9l\u00e9gante et ultra confortable.<\/p>\n<p>Conseil chaussant:ce mod\u00e8le chausse normalement.Nous vous conseillons de prendre votre pointure habituelle.<\/p>\n","protected":false},"featured_media":31962,"template":"","meta":{"_et_pb_use_builder":"","_et_pb_old_content":"","_et_gb_content_width":""},"product_brand":[],"product_cat":[196,148],"product_tag":[76],"class_list":{"0":"post-28632","1":"product","2":"type-product","3":"status-publish","4":"has-post-thumbnail","6":"product_cat-ballerines-femme-automne-hiver","7":"product_cat-femme-automne-hiver","8":"product_tag-ballerines","10":"first","11":"instock","12":"taxable","13":"shipping-taxable","14":"purchasable","15":"product-type-variable"},"_links":{"self":[{"href":"https:\/\/www.cl-chausseur.com\/index.php\/wp-json\/wp\/v2\/product\/28632","targetHints":{"allow":["GET"]}}],"collection":[{"href":"https:\/\/www.cl-chausseur.com\/index.php\/wp-json\/wp\/v2\/product"}],"about":[{"href":"https:\/\/www.cl-chausseur.com\/index.php\/wp-json\/wp\/v2\/types\/product"}],"wp:featuredmedia":[{"embeddable":true,"href":"https:\/\/www.cl-chausseur.com\/index.php\/wp-json\/wp\/v2\/media\/31962"}],"wp:attachment":[{"href":"https:\/\/www.cl-chausseur.com\/index.php\/wp-json\/wp\/v2\/media?parent=28632"}],"wp:term":[{"taxonomy":"product_brand","embeddable":true,"href":"https:\/\/www.cl-chausseur.com\/index.php\/wp-json\/wp\/v2\/product_brand?post=28632"},{"taxonomy":"product_cat","embeddable":true,"href":"https:\/\/www.cl-chausseur.com\/index.php\/wp-json\/wp\/v2\/product_cat?post=28632"},{"taxonomy":"product_tag","embeddable":true,"href":"https:\/\/www.cl-chausseur.com\/index.php\/wp-json\/wp\/v2\/product_tag?post=28632"}],"curies":[{"name":"wp","href":"https:\/\/api.w.org\/{rel}","templated":true}]}}