{"id":28848,"date":"2023-10-06T14:22:45","date_gmt":"2023-10-06T12:22:45","guid":{"rendered":"https:\/\/www.cl-chausseur.com\/?post_type=product&#038;p=28848"},"modified":"2026-02-11T15:59:49","modified_gmt":"2026-02-11T14:59:49","slug":"ablon5","status":"publish","type":"product","link":"https:\/\/www.cl-chausseur.com\/index.php\/produit\/ablon5\/","title":{"rendered":"Ablon5"},"content":{"rendered":"","protected":false},"excerpt":{"rendered":"<p>Cuir taupe, cuir velours beige d\u00e9grad\u00e9, textile laineux beige, doublure enti\u00e8rement cuir, semelle int\u00e9rieure cuir amovible, semelle gomme flex et ultra souple, talon de 4cm.<\/p>\n<p>Une basket \u00a0\u00bb Voile Blanche\u00a0\u00bb ultra confortable et \u00e9l\u00e9gante.<\/p>\n<p>Conseil chaussant:nous vous conseillons de prendre votre pointure habituelle.<\/p>\n","protected":false},"featured_media":28849,"template":"","meta":{"_et_pb_use_builder":"","_et_pb_old_content":"","_et_gb_content_width":""},"product_brand":[],"product_cat":[148,149],"product_tag":[94],"class_list":{"0":"post-28848","1":"product","2":"type-product","3":"status-publish","4":"has-post-thumbnail","6":"product_cat-femme-automne-hiver","7":"product_cat-sneakers-femme-automne-hiver","8":"product_tag-sneakers","10":"first","11":"instock","12":"taxable","13":"shipping-taxable","14":"purchasable","15":"product-type-variable"},"_links":{"self":[{"href":"https:\/\/www.cl-chausseur.com\/index.php\/wp-json\/wp\/v2\/product\/28848","targetHints":{"allow":["GET"]}}],"collection":[{"href":"https:\/\/www.cl-chausseur.com\/index.php\/wp-json\/wp\/v2\/product"}],"about":[{"href":"https:\/\/www.cl-chausseur.com\/index.php\/wp-json\/wp\/v2\/types\/product"}],"wp:featuredmedia":[{"embeddable":true,"href":"https:\/\/www.cl-chausseur.com\/index.php\/wp-json\/wp\/v2\/media\/28849"}],"wp:attachment":[{"href":"https:\/\/www.cl-chausseur.com\/index.php\/wp-json\/wp\/v2\/media?parent=28848"}],"wp:term":[{"taxonomy":"product_brand","embeddable":true,"href":"https:\/\/www.cl-chausseur.com\/index.php\/wp-json\/wp\/v2\/product_brand?post=28848"},{"taxonomy":"product_cat","embeddable":true,"href":"https:\/\/www.cl-chausseur.com\/index.php\/wp-json\/wp\/v2\/product_cat?post=28848"},{"taxonomy":"product_tag","embeddable":true,"href":"https:\/\/www.cl-chausseur.com\/index.php\/wp-json\/wp\/v2\/product_tag?post=28848"}],"curies":[{"name":"wp","href":"https:\/\/api.w.org\/{rel}","templated":true}]}}