{"id":28985,"date":"2023-10-07T17:32:04","date_gmt":"2023-10-07T15:32:04","guid":{"rendered":"https:\/\/www.cl-chausseur.com\/?post_type=product&#038;p=28985"},"modified":"2026-02-11T14:26:41","modified_gmt":"2026-02-11T13:26:41","slug":"abilly-2","status":"publish","type":"product","link":"https:\/\/www.cl-chausseur.com\/index.php\/produit\/abilly-2\/","title":{"rendered":"Abilly"},"content":{"rendered":"","protected":false},"excerpt":{"rendered":"<p>Veau grain\u00e9 ultra souple fauve, doublure enti\u00e8rement cuir, semelle int\u00e9rieure cuir et semelle int\u00e9rieure cuir amovible avec amorti, semelle gomme ultra souple, l\u00e9g\u00e8re et flex, talon de 3cm.<\/p>\n<p>Un mocassin ultra l\u00e9ger et confortable.<\/p>\n<p>Conseil chaussant:ce mod\u00e8le chausse grand.Nous vous conseillons de prendre une demi pointure de moins de votre pointure habituelle.Pour un 37 prendre 36,5..<\/p>\n","protected":false},"featured_media":28986,"template":"","meta":{"_et_pb_use_builder":"","_et_pb_old_content":"","_et_gb_content_width":""},"product_brand":[],"product_cat":[148,165],"product_tag":[100],"class_list":{"0":"post-28985","1":"product","2":"type-product","3":"status-publish","4":"has-post-thumbnail","6":"product_cat-femme-automne-hiver","7":"product_cat-mocassins-femme-automne-hiver","8":"product_tag-mocassins-lacets","10":"first","11":"instock","12":"taxable","13":"shipping-taxable","14":"purchasable","15":"product-type-variable"},"_links":{"self":[{"href":"https:\/\/www.cl-chausseur.com\/index.php\/wp-json\/wp\/v2\/product\/28985","targetHints":{"allow":["GET"]}}],"collection":[{"href":"https:\/\/www.cl-chausseur.com\/index.php\/wp-json\/wp\/v2\/product"}],"about":[{"href":"https:\/\/www.cl-chausseur.com\/index.php\/wp-json\/wp\/v2\/types\/product"}],"wp:featuredmedia":[{"embeddable":true,"href":"https:\/\/www.cl-chausseur.com\/index.php\/wp-json\/wp\/v2\/media\/28986"}],"wp:attachment":[{"href":"https:\/\/www.cl-chausseur.com\/index.php\/wp-json\/wp\/v2\/media?parent=28985"}],"wp:term":[{"taxonomy":"product_brand","embeddable":true,"href":"https:\/\/www.cl-chausseur.com\/index.php\/wp-json\/wp\/v2\/product_brand?post=28985"},{"taxonomy":"product_cat","embeddable":true,"href":"https:\/\/www.cl-chausseur.com\/index.php\/wp-json\/wp\/v2\/product_cat?post=28985"},{"taxonomy":"product_tag","embeddable":true,"href":"https:\/\/www.cl-chausseur.com\/index.php\/wp-json\/wp\/v2\/product_tag?post=28985"}],"curies":[{"name":"wp","href":"https:\/\/api.w.org\/{rel}","templated":true}]}}