{"id":29047,"date":"2023-10-07T18:34:46","date_gmt":"2023-10-07T16:34:46","guid":{"rendered":"https:\/\/www.cl-chausseur.com\/?post_type=product&#038;p=29047"},"modified":"2026-02-11T13:58:49","modified_gmt":"2026-02-11T12:58:49","slug":"barc2","status":"publish","type":"product","link":"https:\/\/www.cl-chausseur.com\/index.php\/produit\/barc2\/","title":{"rendered":"Barc2"},"content":{"rendered":"","protected":false},"excerpt":{"rendered":"<p>Whips bronze, doublure enti\u00e8rement cuir, semelle int\u00e9rieure cuir, semelle gomme ultra l\u00e9g\u00e8re et souple, talon de 3,5cm.<\/p>\n<p>Un mocassin  \u00ab\u00a0Pons Quintana\u00a0\u00bb ultra souple et ultra confortable.<\/p>\n<p>Conseil chaussant:ce mod\u00e8le chausse normalement.Nous vous conseillons de prendre votre pointure habituelle.<\/p>\n","protected":false},"featured_media":29048,"template":"","meta":{"_et_pb_use_builder":"","_et_pb_old_content":"","_et_gb_content_width":""},"product_brand":[],"product_cat":[148,165],"product_tag":[100],"class_list":{"0":"post-29047","1":"product","2":"type-product","3":"status-publish","4":"has-post-thumbnail","6":"product_cat-femme-automne-hiver","7":"product_cat-mocassins-femme-automne-hiver","8":"product_tag-mocassins-lacets","10":"first","11":"instock","12":"taxable","13":"shipping-taxable","14":"purchasable","15":"product-type-variable"},"_links":{"self":[{"href":"https:\/\/www.cl-chausseur.com\/index.php\/wp-json\/wp\/v2\/product\/29047","targetHints":{"allow":["GET"]}}],"collection":[{"href":"https:\/\/www.cl-chausseur.com\/index.php\/wp-json\/wp\/v2\/product"}],"about":[{"href":"https:\/\/www.cl-chausseur.com\/index.php\/wp-json\/wp\/v2\/types\/product"}],"wp:featuredmedia":[{"embeddable":true,"href":"https:\/\/www.cl-chausseur.com\/index.php\/wp-json\/wp\/v2\/media\/29048"}],"wp:attachment":[{"href":"https:\/\/www.cl-chausseur.com\/index.php\/wp-json\/wp\/v2\/media?parent=29047"}],"wp:term":[{"taxonomy":"product_brand","embeddable":true,"href":"https:\/\/www.cl-chausseur.com\/index.php\/wp-json\/wp\/v2\/product_brand?post=29047"},{"taxonomy":"product_cat","embeddable":true,"href":"https:\/\/www.cl-chausseur.com\/index.php\/wp-json\/wp\/v2\/product_cat?post=29047"},{"taxonomy":"product_tag","embeddable":true,"href":"https:\/\/www.cl-chausseur.com\/index.php\/wp-json\/wp\/v2\/product_tag?post=29047"}],"curies":[{"name":"wp","href":"https:\/\/api.w.org\/{rel}","templated":true}]}}