{"id":29344,"date":"2023-10-11T18:23:48","date_gmt":"2023-10-11T16:23:48","guid":{"rendered":"https:\/\/www.cl-chausseur.com\/?post_type=product&#038;p=29344"},"modified":"2025-02-21T11:06:08","modified_gmt":"2025-02-21T10:06:08","slug":"arras","status":"publish","type":"product","link":"https:\/\/www.cl-chausseur.com\/index.php\/produit\/arras\/","title":{"rendered":"Arras"},"content":{"rendered":"","protected":false},"excerpt":{"rendered":"<p>Velours fauve et veau souple kaki, doublure enti\u00e8rement cuir, semelle int\u00e9rieure cuir amovible, semelle gomme souple et flex de 2cm, talon de 4cm, la\u00e7age pour r\u00e9gler pr\u00e9cis\u00e9ment.<\/p>\n<p>Un boots sport \u00e9l\u00e9gant avec une semelle design.<\/p>\n<p>Conseil chaussant:ce mod\u00e8le \u00a0\u00bb Voile Blanche \u00a0\u00bb chausse normalement.Nous vous conseillons de prendre votre pointure habituelle.Pour un 39 prendre 39, pour un 38,5 prendre 39.<\/p>\n","protected":false},"featured_media":29345,"template":"","meta":{"_et_pb_use_builder":"","_et_pb_old_content":"","_et_gb_content_width":""},"product_brand":[],"product_cat":[179,148],"product_tag":[103],"class_list":{"0":"post-29344","1":"product","2":"type-product","3":"status-publish","4":"has-post-thumbnail","6":"product_cat-boots-bottes","7":"product_cat-femme-automne-hiver","8":"product_tag-boots-bottes","10":"first","11":"instock","12":"taxable","13":"shipping-taxable","14":"purchasable","15":"product-type-variable"},"_links":{"self":[{"href":"https:\/\/www.cl-chausseur.com\/index.php\/wp-json\/wp\/v2\/product\/29344","targetHints":{"allow":["GET"]}}],"collection":[{"href":"https:\/\/www.cl-chausseur.com\/index.php\/wp-json\/wp\/v2\/product"}],"about":[{"href":"https:\/\/www.cl-chausseur.com\/index.php\/wp-json\/wp\/v2\/types\/product"}],"wp:featuredmedia":[{"embeddable":true,"href":"https:\/\/www.cl-chausseur.com\/index.php\/wp-json\/wp\/v2\/media\/29345"}],"wp:attachment":[{"href":"https:\/\/www.cl-chausseur.com\/index.php\/wp-json\/wp\/v2\/media?parent=29344"}],"wp:term":[{"taxonomy":"product_brand","embeddable":true,"href":"https:\/\/www.cl-chausseur.com\/index.php\/wp-json\/wp\/v2\/product_brand?post=29344"},{"taxonomy":"product_cat","embeddable":true,"href":"https:\/\/www.cl-chausseur.com\/index.php\/wp-json\/wp\/v2\/product_cat?post=29344"},{"taxonomy":"product_tag","embeddable":true,"href":"https:\/\/www.cl-chausseur.com\/index.php\/wp-json\/wp\/v2\/product_tag?post=29344"}],"curies":[{"name":"wp","href":"https:\/\/api.w.org\/{rel}","templated":true}]}}