{"id":29371,"date":"2023-10-11T19:16:02","date_gmt":"2023-10-11T17:16:02","guid":{"rendered":"https:\/\/www.cl-chausseur.com\/?post_type=product&#038;p=29371"},"modified":"2025-12-18T12:26:47","modified_gmt":"2025-12-18T11:26:47","slug":"biarritz-3","status":"publish","type":"product","link":"https:\/\/www.cl-chausseur.com\/index.php\/produit\/biarritz-3\/","title":{"rendered":"Biarritz"},"content":{"rendered":"","protected":false},"excerpt":{"rendered":"<p>Agneau plong\u00e9 brique orang\u00e9, doublure agneau, semelle int\u00e9rieure cuir, semelle gomme souple, flex et \u00e9l\u00e9gante, talon de 3cm, zip c\u00f4t\u00e9 int\u00e9rieur.<\/p>\n<p>Un boots \u00ab\u00a0Lorenzo Masiero\u00a0\u00bb poids plume et d&rsquo;un confort exceptionnel.<\/p>\n<p>Conseil chaussant:ce modele chausse normalement.Nous vous conseillons de prendre votre pointure habituelle.Pour un 38 prendre 38.<\/p>\n","protected":false},"featured_media":31818,"template":"","meta":{"_et_pb_use_builder":"","_et_pb_old_content":"","_et_gb_content_width":""},"product_brand":[],"product_cat":[179,148],"product_tag":[103],"class_list":{"0":"post-29371","1":"product","2":"type-product","3":"status-publish","4":"has-post-thumbnail","6":"product_cat-boots-bottes","7":"product_cat-femme-automne-hiver","8":"product_tag-boots-bottes","10":"first","11":"instock","12":"taxable","13":"shipping-taxable","14":"purchasable","15":"product-type-variable"},"_links":{"self":[{"href":"https:\/\/www.cl-chausseur.com\/index.php\/wp-json\/wp\/v2\/product\/29371","targetHints":{"allow":["GET"]}}],"collection":[{"href":"https:\/\/www.cl-chausseur.com\/index.php\/wp-json\/wp\/v2\/product"}],"about":[{"href":"https:\/\/www.cl-chausseur.com\/index.php\/wp-json\/wp\/v2\/types\/product"}],"wp:featuredmedia":[{"embeddable":true,"href":"https:\/\/www.cl-chausseur.com\/index.php\/wp-json\/wp\/v2\/media\/31818"}],"wp:attachment":[{"href":"https:\/\/www.cl-chausseur.com\/index.php\/wp-json\/wp\/v2\/media?parent=29371"}],"wp:term":[{"taxonomy":"product_brand","embeddable":true,"href":"https:\/\/www.cl-chausseur.com\/index.php\/wp-json\/wp\/v2\/product_brand?post=29371"},{"taxonomy":"product_cat","embeddable":true,"href":"https:\/\/www.cl-chausseur.com\/index.php\/wp-json\/wp\/v2\/product_cat?post=29371"},{"taxonomy":"product_tag","embeddable":true,"href":"https:\/\/www.cl-chausseur.com\/index.php\/wp-json\/wp\/v2\/product_tag?post=29371"}],"curies":[{"name":"wp","href":"https:\/\/api.w.org\/{rel}","templated":true}]}}