{"id":29617,"date":"2023-10-13T14:54:23","date_gmt":"2023-10-13T12:54:23","guid":{"rendered":"https:\/\/www.cl-chausseur.com\/?post_type=product&#038;p=29617"},"modified":"2023-11-04T16:26:56","modified_gmt":"2023-11-04T15:26:56","slug":"beaucaire2","status":"publish","type":"product","link":"https:\/\/www.cl-chausseur.com\/index.php\/produit\/beaucaire2\/","title":{"rendered":"Beaucaire2"},"content":{"rendered":"","protected":false},"excerpt":{"rendered":"<p>Agneau vernis noir moir\u00e9 cognac, doublure cuir, semelle de gomme souple, flex et antid\u00e9rapante, talon design non fragile en laqu\u00e9 noir.<\/p>\n<p>Un escarpin \u00a0\u00bb Brunate \u00ab\u00a0ultra confortable et \u00e9l\u00e9gant.<\/p>\n<p>Conseil chaussant:ce mod\u00e8le chausse normalement.Nous vous conseillons de prendre votre pointure habituelle.Pour un 38 prendre 38.<\/p>\n","protected":false},"featured_media":29618,"template":"","meta":{"_et_pb_use_builder":"","_et_pb_old_content":"","_et_gb_content_width":""},"product_brand":[],"product_cat":[178,148],"product_tag":[109],"class_list":{"0":"post-29617","1":"product","2":"type-product","3":"status-publish","4":"has-post-thumbnail","6":"product_cat-escarpins-femme-automne-hiver","7":"product_cat-femme-automne-hiver","8":"product_tag-escarpins","10":"first","11":"instock","12":"taxable","13":"shipping-taxable","14":"purchasable","15":"product-type-variable"},"_links":{"self":[{"href":"https:\/\/www.cl-chausseur.com\/index.php\/wp-json\/wp\/v2\/product\/29617","targetHints":{"allow":["GET"]}}],"collection":[{"href":"https:\/\/www.cl-chausseur.com\/index.php\/wp-json\/wp\/v2\/product"}],"about":[{"href":"https:\/\/www.cl-chausseur.com\/index.php\/wp-json\/wp\/v2\/types\/product"}],"wp:featuredmedia":[{"embeddable":true,"href":"https:\/\/www.cl-chausseur.com\/index.php\/wp-json\/wp\/v2\/media\/29618"}],"wp:attachment":[{"href":"https:\/\/www.cl-chausseur.com\/index.php\/wp-json\/wp\/v2\/media?parent=29617"}],"wp:term":[{"taxonomy":"product_brand","embeddable":true,"href":"https:\/\/www.cl-chausseur.com\/index.php\/wp-json\/wp\/v2\/product_brand?post=29617"},{"taxonomy":"product_cat","embeddable":true,"href":"https:\/\/www.cl-chausseur.com\/index.php\/wp-json\/wp\/v2\/product_cat?post=29617"},{"taxonomy":"product_tag","embeddable":true,"href":"https:\/\/www.cl-chausseur.com\/index.php\/wp-json\/wp\/v2\/product_tag?post=29617"}],"curies":[{"name":"wp","href":"https:\/\/api.w.org\/{rel}","templated":true}]}}