{"id":29662,"date":"2023-10-13T16:55:58","date_gmt":"2023-10-13T14:55:58","guid":{"rendered":"https:\/\/www.cl-chausseur.com\/?post_type=product&#038;p=29662"},"modified":"2026-02-11T16:43:10","modified_gmt":"2026-02-11T15:43:10","slug":"lugano","status":"publish","type":"product","link":"https:\/\/www.cl-chausseur.com\/index.php\/produit\/lugano\/","title":{"rendered":"Lugano"},"content":{"rendered":"","protected":false},"excerpt":{"rendered":"<p>Agneau plong\u00e9 cognac, doublure enti\u00e8rement agneau, cousu sacchetto, semelle cuir avec patin antid\u00e9rapant, talon de 7cm.<\/p>\n<p>Un escarpin trotteur d&rsquo;un confort incroyable pour porter toute la journ\u00e9e.<\/p>\n<p>Conseil chaussant:ce mod\u00e8le chausse normalement.Nous vous conseillons de prendre votre pointure habituelle.Pour un 37 prendre 37.<\/p>\n","protected":false},"featured_media":29663,"template":"","meta":{"_et_pb_use_builder":"","_et_pb_old_content":"","_et_gb_content_width":""},"product_brand":[],"product_cat":[178,148],"product_tag":[109],"class_list":{"0":"post-29662","1":"product","2":"type-product","3":"status-publish","4":"has-post-thumbnail","6":"product_cat-escarpins-femme-automne-hiver","7":"product_cat-femme-automne-hiver","8":"product_tag-escarpins","10":"first","11":"instock","12":"taxable","13":"shipping-taxable","14":"purchasable","15":"product-type-variable"},"_links":{"self":[{"href":"https:\/\/www.cl-chausseur.com\/index.php\/wp-json\/wp\/v2\/product\/29662","targetHints":{"allow":["GET"]}}],"collection":[{"href":"https:\/\/www.cl-chausseur.com\/index.php\/wp-json\/wp\/v2\/product"}],"about":[{"href":"https:\/\/www.cl-chausseur.com\/index.php\/wp-json\/wp\/v2\/types\/product"}],"wp:featuredmedia":[{"embeddable":true,"href":"https:\/\/www.cl-chausseur.com\/index.php\/wp-json\/wp\/v2\/media\/29663"}],"wp:attachment":[{"href":"https:\/\/www.cl-chausseur.com\/index.php\/wp-json\/wp\/v2\/media?parent=29662"}],"wp:term":[{"taxonomy":"product_brand","embeddable":true,"href":"https:\/\/www.cl-chausseur.com\/index.php\/wp-json\/wp\/v2\/product_brand?post=29662"},{"taxonomy":"product_cat","embeddable":true,"href":"https:\/\/www.cl-chausseur.com\/index.php\/wp-json\/wp\/v2\/product_cat?post=29662"},{"taxonomy":"product_tag","embeddable":true,"href":"https:\/\/www.cl-chausseur.com\/index.php\/wp-json\/wp\/v2\/product_tag?post=29662"}],"curies":[{"name":"wp","href":"https:\/\/api.w.org\/{rel}","templated":true}]}}