{"id":30108,"date":"2024-03-23T17:58:13","date_gmt":"2024-03-23T16:58:13","guid":{"rendered":"https:\/\/www.cl-chausseur.com\/?post_type=product&#038;p=30108"},"modified":"2025-07-10T16:38:21","modified_gmt":"2025-07-10T14:38:21","slug":"bignay2","status":"publish","type":"product","link":"https:\/\/www.cl-chausseur.com\/index.php\/produit\/bignay2\/","title":{"rendered":"Bignay2"},"content":{"rendered":"","protected":false},"excerpt":{"rendered":"<p>Step bleu, doublure enti\u00e8rement cuir, bride arri\u00e8re r\u00e9glable et boucle mont\u00e9 sur \u00e9lastique, talon de 5cm, semelle cuir avec patin antid\u00e9rapant encastr\u00e9.<\/p>\n<p>Un mod\u00e8le \u00e9l\u00e9gant sur une ligne pure dans un confort exceptionnel sign\u00e9 Brunate.<\/p>\n<p>Conseil chaussant:ce mod\u00e8le chausse normalement.Nous vous conseillons de prendre votre pointure habituelle.Pour un 37,5 prendre 37,5 pour un 38 prendre 38.<\/p>\n","protected":false},"featured_media":30118,"template":"","meta":{"_et_pb_use_builder":"","_et_pb_old_content":"","_et_gb_content_width":""},"product_brand":[],"product_cat":[177,146],"product_tag":[109],"class_list":{"0":"post-30108","1":"product","2":"type-product","3":"status-publish","4":"has-post-thumbnail","6":"product_cat-escarpins","7":"product_cat-femme-printemps-ete","8":"product_tag-escarpins","10":"first","11":"instock","12":"taxable","13":"shipping-taxable","14":"purchasable","15":"product-type-variable"},"_links":{"self":[{"href":"https:\/\/www.cl-chausseur.com\/index.php\/wp-json\/wp\/v2\/product\/30108","targetHints":{"allow":["GET"]}}],"collection":[{"href":"https:\/\/www.cl-chausseur.com\/index.php\/wp-json\/wp\/v2\/product"}],"about":[{"href":"https:\/\/www.cl-chausseur.com\/index.php\/wp-json\/wp\/v2\/types\/product"}],"wp:featuredmedia":[{"embeddable":true,"href":"https:\/\/www.cl-chausseur.com\/index.php\/wp-json\/wp\/v2\/media\/30118"}],"wp:attachment":[{"href":"https:\/\/www.cl-chausseur.com\/index.php\/wp-json\/wp\/v2\/media?parent=30108"}],"wp:term":[{"taxonomy":"product_brand","embeddable":true,"href":"https:\/\/www.cl-chausseur.com\/index.php\/wp-json\/wp\/v2\/product_brand?post=30108"},{"taxonomy":"product_cat","embeddable":true,"href":"https:\/\/www.cl-chausseur.com\/index.php\/wp-json\/wp\/v2\/product_cat?post=30108"},{"taxonomy":"product_tag","embeddable":true,"href":"https:\/\/www.cl-chausseur.com\/index.php\/wp-json\/wp\/v2\/product_tag?post=30108"}],"curies":[{"name":"wp","href":"https:\/\/api.w.org\/{rel}","templated":true}]}}