{"id":30121,"date":"2024-03-23T18:34:38","date_gmt":"2024-03-23T17:34:38","guid":{"rendered":"https:\/\/www.cl-chausseur.com\/?post_type=product&#038;p=30121"},"modified":"2026-02-11T16:31:47","modified_gmt":"2026-02-11T15:31:47","slug":"beauclair3","status":"publish","type":"product","link":"https:\/\/www.cl-chausseur.com\/index.php\/produit\/beauclair3\/","title":{"rendered":"Beauclair3"},"content":{"rendered":"","protected":false},"excerpt":{"rendered":"<p>Agneau noir, doublure enti\u00e8rement cuir, semelle cuir avec patin antid\u00e9rapant encastr\u00e9, talon de 5cm.<\/p>\n<p>Un escarpin ultra confortable d&rsquo;un design pur sign\u00e9 Brunate.<\/p>\n<p>Conseil chaussant:ce mod\u00e8le chausse normalement.Nous vous conseillons de prendre votre pointure habituelle.<\/p>\n","protected":false},"featured_media":30122,"template":"","meta":{"_et_pb_use_builder":"","_et_pb_old_content":"","_et_gb_content_width":""},"product_brand":[],"product_cat":[178,148],"product_tag":[109],"class_list":{"0":"post-30121","1":"product","2":"type-product","3":"status-publish","4":"has-post-thumbnail","6":"product_cat-escarpins-femme-automne-hiver","7":"product_cat-femme-automne-hiver","8":"product_tag-escarpins","10":"first","11":"instock","12":"taxable","13":"shipping-taxable","14":"purchasable","15":"product-type-variable"},"_links":{"self":[{"href":"https:\/\/www.cl-chausseur.com\/index.php\/wp-json\/wp\/v2\/product\/30121","targetHints":{"allow":["GET"]}}],"collection":[{"href":"https:\/\/www.cl-chausseur.com\/index.php\/wp-json\/wp\/v2\/product"}],"about":[{"href":"https:\/\/www.cl-chausseur.com\/index.php\/wp-json\/wp\/v2\/types\/product"}],"wp:featuredmedia":[{"embeddable":true,"href":"https:\/\/www.cl-chausseur.com\/index.php\/wp-json\/wp\/v2\/media\/30122"}],"wp:attachment":[{"href":"https:\/\/www.cl-chausseur.com\/index.php\/wp-json\/wp\/v2\/media?parent=30121"}],"wp:term":[{"taxonomy":"product_brand","embeddable":true,"href":"https:\/\/www.cl-chausseur.com\/index.php\/wp-json\/wp\/v2\/product_brand?post=30121"},{"taxonomy":"product_cat","embeddable":true,"href":"https:\/\/www.cl-chausseur.com\/index.php\/wp-json\/wp\/v2\/product_cat?post=30121"},{"taxonomy":"product_tag","embeddable":true,"href":"https:\/\/www.cl-chausseur.com\/index.php\/wp-json\/wp\/v2\/product_tag?post=30121"}],"curies":[{"name":"wp","href":"https:\/\/api.w.org\/{rel}","templated":true}]}}