{"id":31039,"date":"2024-04-27T14:49:50","date_gmt":"2024-04-27T12:49:50","guid":{"rendered":"https:\/\/www.cl-chausseur.com\/?post_type=product&#038;p=31039"},"modified":"2025-11-04T12:52:13","modified_gmt":"2025-11-04T11:52:13","slug":"ramonville","status":"publish","type":"product","link":"https:\/\/www.cl-chausseur.com\/index.php\/produit\/ramonville\/","title":{"rendered":"Ramonville"},"content":{"rendered":"","protected":false},"excerpt":{"rendered":"<p>Sac \u00e0 dos veau grain\u00e9 noir, doublure enti\u00e8rement alcantara lavable, poche sur le devant du sac avec zip, fermeture compl\u00e8te du sac avec zip, poche \u00e0 l&rsquo;int\u00e9rieur avec zip et poche sans zip, 2 bandouli\u00e8res<br \/>\nen veau grain\u00e9 noir r\u00e9glables.<br \/>\nCe mod\u00e8le existe en veau grain\u00e9 marine \u00e0 pr\u00e9ciser lors de la commande.<br \/>\nSac \u00e0 dos tr\u00e8s l\u00e9ger made in Italy.<\/p>\n<p>Longueur  30cm   Hauteur 30cm<\/p>\n","protected":false},"featured_media":31040,"template":"","meta":{"_et_pb_use_builder":"","_et_pb_old_content":"","_et_gb_content_width":""},"product_brand":[],"product_cat":[157,161],"product_tag":[191],"class_list":{"0":"post-31039","1":"product","2":"type-product","3":"status-publish","4":"has-post-thumbnail","6":"product_cat-maroquinerie-automne-hiver","7":"product_cat-sac-dos","8":"product_tag-sac-a-main","10":"first","11":"instock","12":"taxable","13":"shipping-taxable","14":"purchasable","15":"product-type-simple"},"_links":{"self":[{"href":"https:\/\/www.cl-chausseur.com\/index.php\/wp-json\/wp\/v2\/product\/31039","targetHints":{"allow":["GET"]}}],"collection":[{"href":"https:\/\/www.cl-chausseur.com\/index.php\/wp-json\/wp\/v2\/product"}],"about":[{"href":"https:\/\/www.cl-chausseur.com\/index.php\/wp-json\/wp\/v2\/types\/product"}],"wp:featuredmedia":[{"embeddable":true,"href":"https:\/\/www.cl-chausseur.com\/index.php\/wp-json\/wp\/v2\/media\/31040"}],"wp:attachment":[{"href":"https:\/\/www.cl-chausseur.com\/index.php\/wp-json\/wp\/v2\/media?parent=31039"}],"wp:term":[{"taxonomy":"product_brand","embeddable":true,"href":"https:\/\/www.cl-chausseur.com\/index.php\/wp-json\/wp\/v2\/product_brand?post=31039"},{"taxonomy":"product_cat","embeddable":true,"href":"https:\/\/www.cl-chausseur.com\/index.php\/wp-json\/wp\/v2\/product_cat?post=31039"},{"taxonomy":"product_tag","embeddable":true,"href":"https:\/\/www.cl-chausseur.com\/index.php\/wp-json\/wp\/v2\/product_tag?post=31039"}],"curies":[{"name":"wp","href":"https:\/\/api.w.org\/{rel}","templated":true}]}}