{"id":31054,"date":"2024-04-27T16:28:49","date_gmt":"2024-04-27T14:28:49","guid":{"rendered":"https:\/\/www.cl-chausseur.com\/?post_type=product&#038;p=31054"},"modified":"2025-01-14T16:14:29","modified_gmt":"2025-01-14T15:14:29","slug":"amalfi1","status":"publish","type":"product","link":"https:\/\/www.cl-chausseur.com\/index.php\/produit\/amalfi1\/","title":{"rendered":"Amalfi1"},"content":{"rendered":"","protected":false},"excerpt":{"rendered":"<p>Veau noir ultra souple, doublure enti\u00e8rement cuir, semelle int\u00e9rieure cuir, talon cuir avec bonbout gomme  naturel encastr\u00e9, cousu black, semelle cuir.<\/p>\n<p>Un mod\u00e8le \u00e0 lacets \u00e9l\u00e9gant  ultra confortable mont\u00e9 et fait \u00e0 la main.<\/p>\n<p>Conseil chaussant:nous vous conseillons de prendre votre pointure habituelle.<\/p>\n","protected":false},"featured_media":31055,"template":"","meta":{"_et_pb_use_builder":"","_et_pb_old_content":"","_et_gb_content_width":""},"product_brand":[],"product_cat":[150,162],"product_tag":[100],"class_list":{"0":"post-31054","1":"product","2":"type-product","3":"status-publish","4":"has-post-thumbnail","6":"product_cat-homme-automne-hiver","7":"product_cat-richelieus","8":"product_tag-mocassins-lacets","10":"first","11":"instock","12":"sale","13":"taxable","14":"shipping-taxable","15":"purchasable","16":"product-type-variable"},"_links":{"self":[{"href":"https:\/\/www.cl-chausseur.com\/index.php\/wp-json\/wp\/v2\/product\/31054","targetHints":{"allow":["GET"]}}],"collection":[{"href":"https:\/\/www.cl-chausseur.com\/index.php\/wp-json\/wp\/v2\/product"}],"about":[{"href":"https:\/\/www.cl-chausseur.com\/index.php\/wp-json\/wp\/v2\/types\/product"}],"wp:featuredmedia":[{"embeddable":true,"href":"https:\/\/www.cl-chausseur.com\/index.php\/wp-json\/wp\/v2\/media\/31055"}],"wp:attachment":[{"href":"https:\/\/www.cl-chausseur.com\/index.php\/wp-json\/wp\/v2\/media?parent=31054"}],"wp:term":[{"taxonomy":"product_brand","embeddable":true,"href":"https:\/\/www.cl-chausseur.com\/index.php\/wp-json\/wp\/v2\/product_brand?post=31054"},{"taxonomy":"product_cat","embeddable":true,"href":"https:\/\/www.cl-chausseur.com\/index.php\/wp-json\/wp\/v2\/product_cat?post=31054"},{"taxonomy":"product_tag","embeddable":true,"href":"https:\/\/www.cl-chausseur.com\/index.php\/wp-json\/wp\/v2\/product_tag?post=31054"}],"curies":[{"name":"wp","href":"https:\/\/api.w.org\/{rel}","templated":true}]}}