{"id":31084,"date":"2024-04-27T17:11:42","date_gmt":"2024-04-27T15:11:42","guid":{"rendered":"https:\/\/www.cl-chausseur.com\/?post_type=product&#038;p=31084"},"modified":"2025-01-14T16:09:04","modified_gmt":"2025-01-14T15:09:04","slug":"positano2","status":"publish","type":"product","link":"https:\/\/www.cl-chausseur.com\/index.php\/produit\/positano2\/","title":{"rendered":"Positano2"},"content":{"rendered":"","protected":false},"excerpt":{"rendered":"<p>Mocassin en veau velours bordeaux, doublure enti\u00e8rement cuir, semelle int\u00e9rieure cuir, semelle cuir, cousu black, talon cuir avec bonbout en gomme encastr\u00e9.<\/p>\n<p>Un mocassin \u00e9l\u00e9gant ultra confortable et souple sign\u00e9 GRAVATI.<\/p>\n<p>Conseil chaussant:veuillez prendre votre pointure habituelle.<\/p>\n","protected":false},"featured_media":31085,"template":"","meta":{"_et_pb_use_builder":"","_et_pb_old_content":"","_et_gb_content_width":""},"product_brand":[],"product_cat":[150,166],"product_tag":[100],"class_list":{"0":"post-31084","1":"product","2":"type-product","3":"status-publish","4":"has-post-thumbnail","6":"product_cat-homme-automne-hiver","7":"product_cat-mocassins-homme-automne-hiver","8":"product_tag-mocassins-lacets","10":"first","11":"instock","12":"sale","13":"taxable","14":"shipping-taxable","15":"purchasable","16":"product-type-variable"},"_links":{"self":[{"href":"https:\/\/www.cl-chausseur.com\/index.php\/wp-json\/wp\/v2\/product\/31084","targetHints":{"allow":["GET"]}}],"collection":[{"href":"https:\/\/www.cl-chausseur.com\/index.php\/wp-json\/wp\/v2\/product"}],"about":[{"href":"https:\/\/www.cl-chausseur.com\/index.php\/wp-json\/wp\/v2\/types\/product"}],"wp:featuredmedia":[{"embeddable":true,"href":"https:\/\/www.cl-chausseur.com\/index.php\/wp-json\/wp\/v2\/media\/31085"}],"wp:attachment":[{"href":"https:\/\/www.cl-chausseur.com\/index.php\/wp-json\/wp\/v2\/media?parent=31084"}],"wp:term":[{"taxonomy":"product_brand","embeddable":true,"href":"https:\/\/www.cl-chausseur.com\/index.php\/wp-json\/wp\/v2\/product_brand?post=31084"},{"taxonomy":"product_cat","embeddable":true,"href":"https:\/\/www.cl-chausseur.com\/index.php\/wp-json\/wp\/v2\/product_cat?post=31084"},{"taxonomy":"product_tag","embeddable":true,"href":"https:\/\/www.cl-chausseur.com\/index.php\/wp-json\/wp\/v2\/product_tag?post=31084"}],"curies":[{"name":"wp","href":"https:\/\/api.w.org\/{rel}","templated":true}]}}