{"id":31476,"date":"2025-03-11T17:17:32","date_gmt":"2025-03-11T16:17:32","guid":{"rendered":"https:\/\/www.cl-chausseur.com\/?post_type=product&#038;p=31476"},"modified":"2026-02-11T15:57:40","modified_gmt":"2026-02-11T14:57:40","slug":"ablis2","status":"publish","type":"product","link":"https:\/\/www.cl-chausseur.com\/index.php\/produit\/ablis2\/","title":{"rendered":"Ablis2"},"content":{"rendered":"","protected":false},"excerpt":{"rendered":"<p>Cuir velours bordeaux, doublure enti\u00e8rement cuir, semelle int\u00e9rieure cuir amovible, slah bordeaux et arri\u00e8re blanc, semelle gomme flex ultra souple, talon de 5cm.<\/p>\n<p>Une basket \u00a0\u00bb Voile Blanche\u00a0\u00bb ultra confortable et \u00e9l\u00e9gante.<\/p>\n<p>Conseil chaussant:ce mod\u00e8le chausse normalement.Pour un 38 prendre 38, pour un 37,5 prendre 38.<\/p>\n","protected":false},"featured_media":31477,"template":"","meta":{"_et_pb_use_builder":"","_et_pb_old_content":"","_et_gb_content_width":""},"product_brand":[],"product_cat":[148,149],"product_tag":[94],"class_list":{"0":"post-31476","1":"product","2":"type-product","3":"status-publish","4":"has-post-thumbnail","6":"product_cat-femme-automne-hiver","7":"product_cat-sneakers-femme-automne-hiver","8":"product_tag-sneakers","10":"first","11":"instock","12":"taxable","13":"shipping-taxable","14":"purchasable","15":"product-type-variable"},"_links":{"self":[{"href":"https:\/\/www.cl-chausseur.com\/index.php\/wp-json\/wp\/v2\/product\/31476","targetHints":{"allow":["GET"]}}],"collection":[{"href":"https:\/\/www.cl-chausseur.com\/index.php\/wp-json\/wp\/v2\/product"}],"about":[{"href":"https:\/\/www.cl-chausseur.com\/index.php\/wp-json\/wp\/v2\/types\/product"}],"wp:featuredmedia":[{"embeddable":true,"href":"https:\/\/www.cl-chausseur.com\/index.php\/wp-json\/wp\/v2\/media\/31477"}],"wp:attachment":[{"href":"https:\/\/www.cl-chausseur.com\/index.php\/wp-json\/wp\/v2\/media?parent=31476"}],"wp:term":[{"taxonomy":"product_brand","embeddable":true,"href":"https:\/\/www.cl-chausseur.com\/index.php\/wp-json\/wp\/v2\/product_brand?post=31476"},{"taxonomy":"product_cat","embeddable":true,"href":"https:\/\/www.cl-chausseur.com\/index.php\/wp-json\/wp\/v2\/product_cat?post=31476"},{"taxonomy":"product_tag","embeddable":true,"href":"https:\/\/www.cl-chausseur.com\/index.php\/wp-json\/wp\/v2\/product_tag?post=31476"}],"curies":[{"name":"wp","href":"https:\/\/api.w.org\/{rel}","templated":true}]}}