{"id":31491,"date":"2025-03-11T17:28:52","date_gmt":"2025-03-11T16:28:52","guid":{"rendered":"https:\/\/www.cl-chausseur.com\/?post_type=product&#038;p=31491"},"modified":"2026-02-11T15:56:14","modified_gmt":"2026-02-11T14:56:14","slug":"ablis4","status":"publish","type":"product","link":"https:\/\/www.cl-chausseur.com\/index.php\/produit\/ablis4\/","title":{"rendered":"Ablis4"},"content":{"rendered":"","protected":false},"excerpt":{"rendered":"<p>Cuir velours cognac, doublure enti\u00e8rement cuir, semelle int\u00e9rieure cuir amovible, slash platine et arri\u00e8re platine, semelle gomme flex ultra souple, talon de 5cm.<\/p>\n<p>Une basket \u00a0\u00bb Voile Blanche\u00a0\u00bb ultra confortable et \u00e9l\u00e9gante.<\/p>\n<p>Conseil chaussant:ce mod\u00e8le chausse normalement.Pour un 38 prendre 38, pour un 37,5 prendre 38.<\/p>\n","protected":false},"featured_media":31492,"template":"","meta":{"_et_pb_use_builder":"","_et_pb_old_content":"","_et_gb_content_width":""},"product_brand":[],"product_cat":[148,149],"product_tag":[94],"class_list":{"0":"post-31491","1":"product","2":"type-product","3":"status-publish","4":"has-post-thumbnail","6":"product_cat-femme-automne-hiver","7":"product_cat-sneakers-femme-automne-hiver","8":"product_tag-sneakers","10":"first","11":"instock","12":"taxable","13":"shipping-taxable","14":"purchasable","15":"product-type-variable"},"_links":{"self":[{"href":"https:\/\/www.cl-chausseur.com\/index.php\/wp-json\/wp\/v2\/product\/31491","targetHints":{"allow":["GET"]}}],"collection":[{"href":"https:\/\/www.cl-chausseur.com\/index.php\/wp-json\/wp\/v2\/product"}],"about":[{"href":"https:\/\/www.cl-chausseur.com\/index.php\/wp-json\/wp\/v2\/types\/product"}],"wp:featuredmedia":[{"embeddable":true,"href":"https:\/\/www.cl-chausseur.com\/index.php\/wp-json\/wp\/v2\/media\/31492"}],"wp:attachment":[{"href":"https:\/\/www.cl-chausseur.com\/index.php\/wp-json\/wp\/v2\/media?parent=31491"}],"wp:term":[{"taxonomy":"product_brand","embeddable":true,"href":"https:\/\/www.cl-chausseur.com\/index.php\/wp-json\/wp\/v2\/product_brand?post=31491"},{"taxonomy":"product_cat","embeddable":true,"href":"https:\/\/www.cl-chausseur.com\/index.php\/wp-json\/wp\/v2\/product_cat?post=31491"},{"taxonomy":"product_tag","embeddable":true,"href":"https:\/\/www.cl-chausseur.com\/index.php\/wp-json\/wp\/v2\/product_tag?post=31491"}],"curies":[{"name":"wp","href":"https:\/\/api.w.org\/{rel}","templated":true}]}}