{"id":31628,"date":"2025-03-12T16:26:45","date_gmt":"2025-03-12T15:26:45","guid":{"rendered":"https:\/\/www.cl-chausseur.com\/?post_type=product&#038;p=31628"},"modified":"2025-11-15T15:04:25","modified_gmt":"2025-11-15T14:04:25","slug":"agel","status":"publish","type":"product","link":"https:\/\/www.cl-chausseur.com\/index.php\/produit\/agel\/","title":{"rendered":"Agel"},"content":{"rendered":"","protected":false},"excerpt":{"rendered":"<p>Agneau noir, doublure int\u00e9rieure agneau, semelle int\u00e9rieure cuir amovible, semelle gomme ultra souple et antid\u00e9rapante, strass noirs \u00e0 l&rsquo;arri\u00e8re, talon de 3cm.<\/p>\n<p>Un sneaker \u00e9l\u00e9gant et ultra confortable.<\/p>\n<p>Conseil chaussant:ce mod\u00e8le chausse normalement.Pour un 37 prendre 37.<\/p>\n","protected":false},"featured_media":31629,"template":"","meta":{"_et_pb_use_builder":"","_et_pb_old_content":"","_et_gb_content_width":""},"product_brand":[],"product_cat":[148,149],"product_tag":[94],"class_list":{"0":"post-31628","1":"product","2":"type-product","3":"status-publish","4":"has-post-thumbnail","6":"product_cat-femme-automne-hiver","7":"product_cat-sneakers-femme-automne-hiver","8":"product_tag-sneakers","10":"first","11":"instock","12":"taxable","13":"shipping-taxable","14":"purchasable","15":"product-type-variable"},"_links":{"self":[{"href":"https:\/\/www.cl-chausseur.com\/index.php\/wp-json\/wp\/v2\/product\/31628","targetHints":{"allow":["GET"]}}],"collection":[{"href":"https:\/\/www.cl-chausseur.com\/index.php\/wp-json\/wp\/v2\/product"}],"about":[{"href":"https:\/\/www.cl-chausseur.com\/index.php\/wp-json\/wp\/v2\/types\/product"}],"wp:featuredmedia":[{"embeddable":true,"href":"https:\/\/www.cl-chausseur.com\/index.php\/wp-json\/wp\/v2\/media\/31629"}],"wp:attachment":[{"href":"https:\/\/www.cl-chausseur.com\/index.php\/wp-json\/wp\/v2\/media?parent=31628"}],"wp:term":[{"taxonomy":"product_brand","embeddable":true,"href":"https:\/\/www.cl-chausseur.com\/index.php\/wp-json\/wp\/v2\/product_brand?post=31628"},{"taxonomy":"product_cat","embeddable":true,"href":"https:\/\/www.cl-chausseur.com\/index.php\/wp-json\/wp\/v2\/product_cat?post=31628"},{"taxonomy":"product_tag","embeddable":true,"href":"https:\/\/www.cl-chausseur.com\/index.php\/wp-json\/wp\/v2\/product_tag?post=31628"}],"curies":[{"name":"wp","href":"https:\/\/api.w.org\/{rel}","templated":true}]}}