{"id":31749,"date":"2025-03-13T18:46:02","date_gmt":"2025-03-13T17:46:02","guid":{"rendered":"https:\/\/www.cl-chausseur.com\/?post_type=product&#038;p=31749"},"modified":"2026-02-11T15:07:13","modified_gmt":"2026-02-11T14:07:13","slug":"caen1","status":"publish","type":"product","link":"https:\/\/www.cl-chausseur.com\/index.php\/produit\/caen1\/","title":{"rendered":"Caen1"},"content":{"rendered":"","protected":false},"excerpt":{"rendered":"<p>Veau velours fauve, doublure enti\u00e8rement cuir, semelle int\u00e9rieure cuir amovible avec amorti, semelle de gomme ultra light et souple, talon de 5cm, zip sur le c\u00f4t\u00e9.<\/p>\n<p>Un mod\u00e8le Pons Quintana sport \u00e9l\u00e9gant d&rsquo;un confort exceptionnel pour les femmes qui aiment un peu de talon.<\/p>\n<p>Conseil chaussant:ce mod\u00e8le chausse normalement.Pour un 39 prendre 39.<\/p>\n","protected":false},"featured_media":31754,"template":"","meta":{"_et_pb_use_builder":"","_et_pb_old_content":"","_et_gb_content_width":""},"product_brand":[],"product_cat":[179,148],"product_tag":[103],"class_list":{"0":"post-31749","1":"product","2":"type-product","3":"status-publish","4":"has-post-thumbnail","6":"product_cat-boots-bottes","7":"product_cat-femme-automne-hiver","8":"product_tag-boots-bottes","10":"first","11":"instock","12":"taxable","13":"shipping-taxable","14":"purchasable","15":"product-type-variable"},"_links":{"self":[{"href":"https:\/\/www.cl-chausseur.com\/index.php\/wp-json\/wp\/v2\/product\/31749","targetHints":{"allow":["GET"]}}],"collection":[{"href":"https:\/\/www.cl-chausseur.com\/index.php\/wp-json\/wp\/v2\/product"}],"about":[{"href":"https:\/\/www.cl-chausseur.com\/index.php\/wp-json\/wp\/v2\/types\/product"}],"wp:featuredmedia":[{"embeddable":true,"href":"https:\/\/www.cl-chausseur.com\/index.php\/wp-json\/wp\/v2\/media\/31754"}],"wp:attachment":[{"href":"https:\/\/www.cl-chausseur.com\/index.php\/wp-json\/wp\/v2\/media?parent=31749"}],"wp:term":[{"taxonomy":"product_brand","embeddable":true,"href":"https:\/\/www.cl-chausseur.com\/index.php\/wp-json\/wp\/v2\/product_brand?post=31749"},{"taxonomy":"product_cat","embeddable":true,"href":"https:\/\/www.cl-chausseur.com\/index.php\/wp-json\/wp\/v2\/product_cat?post=31749"},{"taxonomy":"product_tag","embeddable":true,"href":"https:\/\/www.cl-chausseur.com\/index.php\/wp-json\/wp\/v2\/product_tag?post=31749"}],"curies":[{"name":"wp","href":"https:\/\/api.w.org\/{rel}","templated":true}]}}