{"id":31868,"date":"2025-03-27T14:40:29","date_gmt":"2025-03-27T13:40:29","guid":{"rendered":"https:\/\/www.cl-chausseur.com\/?post_type=product&#038;p=31868"},"modified":"2025-07-10T14:39:13","modified_gmt":"2025-07-10T12:39:13","slug":"abano","status":"publish","type":"product","link":"https:\/\/www.cl-chausseur.com\/index.php\/produit\/abano\/","title":{"rendered":"Abano"},"content":{"rendered":"","protected":false},"excerpt":{"rendered":"<p>Veau ultra souple naturel coup\u00e9 dans un seul morceau de peau, et par cons\u00e9quent sans aucune couture, doublure enti\u00e8rement cuir, semelle cuir avec patin antid\u00e9rapant encastr\u00e9, talon de 2cm.<\/p>\n<p>Un mocassin \u00e9l\u00e9gant d&rsquo;un nouveau design, ultra souple pour un confort remarquable sign\u00e9 Maretto.<\/p>\n<p>Conseil chaussant:ce mod\u00e8le chausse normalement.Nous vous conseillons de prendre votre pointure habituelle.Pour un 37,5 prendre 37,5.<\/p>\n","protected":false},"featured_media":31869,"template":"","meta":{"_et_pb_use_builder":"","_et_pb_old_content":"","_et_gb_content_width":""},"product_brand":[],"product_cat":[146,164],"product_tag":[100],"class_list":{"0":"post-31868","1":"product","2":"type-product","3":"status-publish","4":"has-post-thumbnail","6":"product_cat-femme-printemps-ete","7":"product_cat-femme-printemps-ete-mocassins-lacets","8":"product_tag-mocassins-lacets","10":"first","11":"instock","12":"taxable","13":"shipping-taxable","14":"purchasable","15":"product-type-variable"},"_links":{"self":[{"href":"https:\/\/www.cl-chausseur.com\/index.php\/wp-json\/wp\/v2\/product\/31868","targetHints":{"allow":["GET"]}}],"collection":[{"href":"https:\/\/www.cl-chausseur.com\/index.php\/wp-json\/wp\/v2\/product"}],"about":[{"href":"https:\/\/www.cl-chausseur.com\/index.php\/wp-json\/wp\/v2\/types\/product"}],"wp:featuredmedia":[{"embeddable":true,"href":"https:\/\/www.cl-chausseur.com\/index.php\/wp-json\/wp\/v2\/media\/31869"}],"wp:attachment":[{"href":"https:\/\/www.cl-chausseur.com\/index.php\/wp-json\/wp\/v2\/media?parent=31868"}],"wp:term":[{"taxonomy":"product_brand","embeddable":true,"href":"https:\/\/www.cl-chausseur.com\/index.php\/wp-json\/wp\/v2\/product_brand?post=31868"},{"taxonomy":"product_cat","embeddable":true,"href":"https:\/\/www.cl-chausseur.com\/index.php\/wp-json\/wp\/v2\/product_cat?post=31868"},{"taxonomy":"product_tag","embeddable":true,"href":"https:\/\/www.cl-chausseur.com\/index.php\/wp-json\/wp\/v2\/product_tag?post=31868"}],"curies":[{"name":"wp","href":"https:\/\/api.w.org\/{rel}","templated":true}]}}