{"id":31894,"date":"2025-04-17T15:06:34","date_gmt":"2025-04-17T13:06:34","guid":{"rendered":"https:\/\/www.cl-chausseur.com\/?post_type=product&#038;p=31894"},"modified":"2025-07-10T14:48:13","modified_gmt":"2025-07-10T12:48:13","slug":"aast","status":"publish","type":"product","link":"https:\/\/www.cl-chausseur.com\/index.php\/produit\/aast\/","title":{"rendered":"Aast"},"content":{"rendered":"","protected":false},"excerpt":{"rendered":"<p>Veau velours ciel, doublure enti\u00e8rement cuir, semelle et talon en  gomme ultra souple pour un confort optimal \u00e0 la marche et sur tous terrains.<\/p>\n<p>Le veau velours se lave \u00e0 l&rsquo;eau et au savon pour enlever toutes les taches et donc pas fragile contrairement \u00e0 un cuir dans la m\u00eame couleur.<\/p>\n<p>Conseil chaussant:ce mocassin BRUNATE chausse normalement.Pour un 38 prendre 38.<\/p>\n","protected":false},"featured_media":31896,"template":"","meta":{"_et_pb_use_builder":"","_et_pb_old_content":"","_et_gb_content_width":""},"product_brand":[],"product_cat":[146,164],"product_tag":[100],"class_list":{"0":"post-31894","1":"product","2":"type-product","3":"status-publish","4":"has-post-thumbnail","6":"product_cat-femme-printemps-ete","7":"product_cat-femme-printemps-ete-mocassins-lacets","8":"product_tag-mocassins-lacets","10":"first","11":"instock","12":"taxable","13":"shipping-taxable","14":"purchasable","15":"product-type-variable"},"_links":{"self":[{"href":"https:\/\/www.cl-chausseur.com\/index.php\/wp-json\/wp\/v2\/product\/31894","targetHints":{"allow":["GET"]}}],"collection":[{"href":"https:\/\/www.cl-chausseur.com\/index.php\/wp-json\/wp\/v2\/product"}],"about":[{"href":"https:\/\/www.cl-chausseur.com\/index.php\/wp-json\/wp\/v2\/types\/product"}],"wp:featuredmedia":[{"embeddable":true,"href":"https:\/\/www.cl-chausseur.com\/index.php\/wp-json\/wp\/v2\/media\/31896"}],"wp:attachment":[{"href":"https:\/\/www.cl-chausseur.com\/index.php\/wp-json\/wp\/v2\/media?parent=31894"}],"wp:term":[{"taxonomy":"product_brand","embeddable":true,"href":"https:\/\/www.cl-chausseur.com\/index.php\/wp-json\/wp\/v2\/product_brand?post=31894"},{"taxonomy":"product_cat","embeddable":true,"href":"https:\/\/www.cl-chausseur.com\/index.php\/wp-json\/wp\/v2\/product_cat?post=31894"},{"taxonomy":"product_tag","embeddable":true,"href":"https:\/\/www.cl-chausseur.com\/index.php\/wp-json\/wp\/v2\/product_tag?post=31894"}],"curies":[{"name":"wp","href":"https:\/\/api.w.org\/{rel}","templated":true}]}}