{"id":32199,"date":"2025-11-14T12:29:53","date_gmt":"2025-11-14T11:29:53","guid":{"rendered":"https:\/\/www.cl-chausseur.com\/?post_type=product&#038;p=32199"},"modified":"2025-11-14T12:34:48","modified_gmt":"2025-11-14T11:34:48","slug":"abere1-2","status":"publish","type":"product","link":"https:\/\/www.cl-chausseur.com\/index.php\/produit\/abere1-2\/","title":{"rendered":"Ab\u00e8re1"},"content":{"rendered":"","protected":false},"excerpt":{"rendered":"<p>Veau grain\u00e9 chocolat ultra souple et plateau poils de vache chocolat assorti, doublure enti\u00e8rement cuir, premi\u00e8re enti\u00e8rement cuir, semelle de gomme ultra l\u00e9g\u00e8re, souple et anti d\u00e9rapante.<\/p>\n<p>Un mocassin FRATELLI ROSANA poids plume et ultra confortable.<\/p>\n<p>Conseil chaussant:ce mod\u00e8le chausse grand par cons\u00e9quent pour un 37 prendre 36,5. <\/p>\n<p>Sp\u00e9cificit\u00e9: ce mod\u00e8le ne convient pas pour un pied mince.<\/p>\n","protected":false},"featured_media":32200,"template":"","meta":{"_et_pb_use_builder":"","_et_pb_old_content":"","_et_gb_content_width":""},"product_brand":[],"product_cat":[148,165,58],"product_tag":[100],"class_list":{"0":"post-32199","1":"product","2":"type-product","3":"status-publish","4":"has-post-thumbnail","6":"product_cat-femme-automne-hiver","7":"product_cat-mocassins-femme-automne-hiver","8":"product_cat-shoes","9":"product_tag-mocassins-lacets","11":"first","12":"instock","13":"taxable","14":"shipping-taxable","15":"purchasable","16":"product-type-variable"},"_links":{"self":[{"href":"https:\/\/www.cl-chausseur.com\/index.php\/wp-json\/wp\/v2\/product\/32199","targetHints":{"allow":["GET"]}}],"collection":[{"href":"https:\/\/www.cl-chausseur.com\/index.php\/wp-json\/wp\/v2\/product"}],"about":[{"href":"https:\/\/www.cl-chausseur.com\/index.php\/wp-json\/wp\/v2\/types\/product"}],"wp:featuredmedia":[{"embeddable":true,"href":"https:\/\/www.cl-chausseur.com\/index.php\/wp-json\/wp\/v2\/media\/32200"}],"wp:attachment":[{"href":"https:\/\/www.cl-chausseur.com\/index.php\/wp-json\/wp\/v2\/media?parent=32199"}],"wp:term":[{"taxonomy":"product_brand","embeddable":true,"href":"https:\/\/www.cl-chausseur.com\/index.php\/wp-json\/wp\/v2\/product_brand?post=32199"},{"taxonomy":"product_cat","embeddable":true,"href":"https:\/\/www.cl-chausseur.com\/index.php\/wp-json\/wp\/v2\/product_cat?post=32199"},{"taxonomy":"product_tag","embeddable":true,"href":"https:\/\/www.cl-chausseur.com\/index.php\/wp-json\/wp\/v2\/product_tag?post=32199"}],"curies":[{"name":"wp","href":"https:\/\/api.w.org\/{rel}","templated":true}]}}