{"id":32231,"date":"2025-11-14T12:58:10","date_gmt":"2025-11-14T11:58:10","guid":{"rendered":"https:\/\/www.cl-chausseur.com\/?post_type=product&#038;p=32231"},"modified":"2026-02-11T14:37:11","modified_gmt":"2026-02-11T13:37:11","slug":"abie","status":"publish","type":"product","link":"https:\/\/www.cl-chausseur.com\/index.php\/produit\/abie\/","title":{"rendered":"Abie"},"content":{"rendered":"","protected":false},"excerpt":{"rendered":"<p>Veau velours chocolat, doublure enti\u00e8rement cuir, premi\u00e8re enti\u00e8rement cuir, semelle de gomme ultra l\u00e9g\u00e8re, souple et anti d\u00e9rapante, talon de 3m.<\/p>\n<p>Un mocassin BRUNATE poids plume, ultra confortable, sport chic.<\/p>\n<p>Conseil chaussant:ce mod\u00e8le chausse grand par cons\u00e9quent pour un 37 prendre 36,5. <\/p>\n<p>Sp\u00e9cificit\u00e9: ce mod\u00e8le ne convient pas pour un pied mince.<\/p>\n","protected":false},"featured_media":32232,"template":"","meta":{"_et_pb_use_builder":"","_et_pb_old_content":"","_et_gb_content_width":""},"product_brand":[],"product_cat":[148,165],"product_tag":[100],"class_list":{"0":"post-32231","1":"product","2":"type-product","3":"status-publish","4":"has-post-thumbnail","6":"product_cat-femme-automne-hiver","7":"product_cat-mocassins-femme-automne-hiver","8":"product_tag-mocassins-lacets","10":"first","11":"instock","12":"taxable","13":"shipping-taxable","14":"purchasable","15":"product-type-variable"},"_links":{"self":[{"href":"https:\/\/www.cl-chausseur.com\/index.php\/wp-json\/wp\/v2\/product\/32231","targetHints":{"allow":["GET"]}}],"collection":[{"href":"https:\/\/www.cl-chausseur.com\/index.php\/wp-json\/wp\/v2\/product"}],"about":[{"href":"https:\/\/www.cl-chausseur.com\/index.php\/wp-json\/wp\/v2\/types\/product"}],"wp:featuredmedia":[{"embeddable":true,"href":"https:\/\/www.cl-chausseur.com\/index.php\/wp-json\/wp\/v2\/media\/32232"}],"wp:attachment":[{"href":"https:\/\/www.cl-chausseur.com\/index.php\/wp-json\/wp\/v2\/media?parent=32231"}],"wp:term":[{"taxonomy":"product_brand","embeddable":true,"href":"https:\/\/www.cl-chausseur.com\/index.php\/wp-json\/wp\/v2\/product_brand?post=32231"},{"taxonomy":"product_cat","embeddable":true,"href":"https:\/\/www.cl-chausseur.com\/index.php\/wp-json\/wp\/v2\/product_cat?post=32231"},{"taxonomy":"product_tag","embeddable":true,"href":"https:\/\/www.cl-chausseur.com\/index.php\/wp-json\/wp\/v2\/product_tag?post=32231"}],"curies":[{"name":"wp","href":"https:\/\/api.w.org\/{rel}","templated":true}]}}