{"id":32288,"date":"2025-11-14T16:03:32","date_gmt":"2025-11-14T15:03:32","guid":{"rendered":"https:\/\/www.cl-chausseur.com\/?post_type=product&#038;p=32288"},"modified":"2026-02-11T14:23:46","modified_gmt":"2026-02-11T13:23:46","slug":"montauban2","status":"publish","type":"product","link":"https:\/\/www.cl-chausseur.com\/index.php\/produit\/montauban2\/","title":{"rendered":"Montauban2"},"content":{"rendered":"","protected":false},"excerpt":{"rendered":"<p>Agneau noir et plateau de cama\u00efeu marron kaki beige, doublure enti\u00e8rement cuir, semelle gomme ultra souple, articul\u00e9e, l\u00e9g\u00e8re et anti d\u00e9rapante.<\/p>\n<p>Talon de 3cm.<\/p>\n<p>Un mod\u00e8le \u00e0 lacets bien connu de chez BRUNATE pour son confort exceptionnel, sa finesse visuelle et son \u00e9l\u00e9gance.<\/p>\n<p>Conseil chaussant:ce mod\u00e8le chausse grand.Pour un 39 prendre 38,5<\/p>\n","protected":false},"featured_media":32289,"template":"","meta":{"_et_pb_use_builder":"","_et_pb_old_content":"","_et_gb_content_width":""},"product_brand":[],"product_cat":[148,165],"product_tag":[100],"class_list":{"0":"post-32288","1":"product","2":"type-product","3":"status-publish","4":"has-post-thumbnail","6":"product_cat-femme-automne-hiver","7":"product_cat-mocassins-femme-automne-hiver","8":"product_tag-mocassins-lacets","10":"first","11":"instock","12":"taxable","13":"shipping-taxable","14":"purchasable","15":"product-type-variable"},"_links":{"self":[{"href":"https:\/\/www.cl-chausseur.com\/index.php\/wp-json\/wp\/v2\/product\/32288","targetHints":{"allow":["GET"]}}],"collection":[{"href":"https:\/\/www.cl-chausseur.com\/index.php\/wp-json\/wp\/v2\/product"}],"about":[{"href":"https:\/\/www.cl-chausseur.com\/index.php\/wp-json\/wp\/v2\/types\/product"}],"wp:featuredmedia":[{"embeddable":true,"href":"https:\/\/www.cl-chausseur.com\/index.php\/wp-json\/wp\/v2\/media\/32289"}],"wp:attachment":[{"href":"https:\/\/www.cl-chausseur.com\/index.php\/wp-json\/wp\/v2\/media?parent=32288"}],"wp:term":[{"taxonomy":"product_brand","embeddable":true,"href":"https:\/\/www.cl-chausseur.com\/index.php\/wp-json\/wp\/v2\/product_brand?post=32288"},{"taxonomy":"product_cat","embeddable":true,"href":"https:\/\/www.cl-chausseur.com\/index.php\/wp-json\/wp\/v2\/product_cat?post=32288"},{"taxonomy":"product_tag","embeddable":true,"href":"https:\/\/www.cl-chausseur.com\/index.php\/wp-json\/wp\/v2\/product_tag?post=32288"}],"curies":[{"name":"wp","href":"https:\/\/api.w.org\/{rel}","templated":true}]}}