{"id":32330,"date":"2025-11-14T17:23:06","date_gmt":"2025-11-14T16:23:06","guid":{"rendered":"https:\/\/www.cl-chausseur.com\/?post_type=product&#038;p=32330"},"modified":"2026-01-29T15:15:02","modified_gmt":"2026-01-29T14:15:02","slug":"belfort2","status":"publish","type":"product","link":"https:\/\/www.cl-chausseur.com\/index.php\/produit\/belfort2\/","title":{"rendered":"Belfort2"},"content":{"rendered":"","protected":false},"excerpt":{"rendered":"<p>Veau velours taupe et agneau taupe , doublure enti\u00e8rement agneau, semelle int\u00e9rieure amovible cuir avec amorti, semelle gomme naturelle, talon de 4cm rehauss\u00e9 par l&rsquo;int\u00e9rieur, zip sur le c\u00f4t\u00e9.<\/p>\n<p>Les peausseries de chez Candice Cooper sont tann\u00e9es sans chrome et avec des teintures v\u00e9g\u00e9tales.<\/p>\n<p>Un mod\u00e8le d&rsquo;un nouveau design et ultra confortable.<\/p>\n<p>Conseil chaussant:ce mod\u00e8le chausse normalement.Nous vous conseillons de prendre votre pointure habituelle.Pour un 37 prendre 37, pour un 36,5 prendre 37.<\/p>\n","protected":false},"featured_media":32331,"template":"","meta":{"_et_pb_use_builder":"","_et_pb_old_content":"","_et_gb_content_width":""},"product_brand":[],"product_cat":[148,149],"product_tag":[94],"class_list":{"0":"post-32330","1":"product","2":"type-product","3":"status-publish","4":"has-post-thumbnail","6":"product_cat-femme-automne-hiver","7":"product_cat-sneakers-femme-automne-hiver","8":"product_tag-sneakers","10":"first","11":"instock","12":"taxable","13":"shipping-taxable","14":"purchasable","15":"product-type-variable"},"_links":{"self":[{"href":"https:\/\/www.cl-chausseur.com\/index.php\/wp-json\/wp\/v2\/product\/32330","targetHints":{"allow":["GET"]}}],"collection":[{"href":"https:\/\/www.cl-chausseur.com\/index.php\/wp-json\/wp\/v2\/product"}],"about":[{"href":"https:\/\/www.cl-chausseur.com\/index.php\/wp-json\/wp\/v2\/types\/product"}],"wp:featuredmedia":[{"embeddable":true,"href":"https:\/\/www.cl-chausseur.com\/index.php\/wp-json\/wp\/v2\/media\/32331"}],"wp:attachment":[{"href":"https:\/\/www.cl-chausseur.com\/index.php\/wp-json\/wp\/v2\/media?parent=32330"}],"wp:term":[{"taxonomy":"product_brand","embeddable":true,"href":"https:\/\/www.cl-chausseur.com\/index.php\/wp-json\/wp\/v2\/product_brand?post=32330"},{"taxonomy":"product_cat","embeddable":true,"href":"https:\/\/www.cl-chausseur.com\/index.php\/wp-json\/wp\/v2\/product_cat?post=32330"},{"taxonomy":"product_tag","embeddable":true,"href":"https:\/\/www.cl-chausseur.com\/index.php\/wp-json\/wp\/v2\/product_tag?post=32330"}],"curies":[{"name":"wp","href":"https:\/\/api.w.org\/{rel}","templated":true}]}}