{"id":32404,"date":"2025-11-15T15:09:58","date_gmt":"2025-11-15T14:09:58","guid":{"rendered":"https:\/\/www.cl-chausseur.com\/?post_type=product&#038;p=32404"},"modified":"2026-01-29T15:15:53","modified_gmt":"2026-01-29T14:15:53","slug":"bale1","status":"publish","type":"product","link":"https:\/\/www.cl-chausseur.com\/index.php\/produit\/bale1\/","title":{"rendered":"Bale1"},"content":{"rendered":"","protected":false},"excerpt":{"rendered":"<p>Veau velours beige et motifs leopard, doublure enti\u00e8rement agneau, semelle int\u00e9rieure cuir amovible avec amorti pour la marche, talon de 4cm rehauss\u00e9 par l&rsquo;int\u00e9rieur, semelle gomme naturelle.<\/p>\n<p>Un sneaker CANDICE COOPER ultra confortable et souple.<\/p>\n<p>Conseil chaussant:ce mod\u00e8le chausse normalement.Pour un 38 prendre 38.<\/p>\n","protected":false},"featured_media":32405,"template":"","meta":{"_et_pb_use_builder":"","_et_pb_old_content":"","_et_gb_content_width":""},"product_brand":[],"product_cat":[148,149],"product_tag":[94],"class_list":{"0":"post-32404","1":"product","2":"type-product","3":"status-publish","4":"has-post-thumbnail","6":"product_cat-femme-automne-hiver","7":"product_cat-sneakers-femme-automne-hiver","8":"product_tag-sneakers","10":"first","11":"instock","12":"taxable","13":"shipping-taxable","14":"purchasable","15":"product-type-variable"},"_links":{"self":[{"href":"https:\/\/www.cl-chausseur.com\/index.php\/wp-json\/wp\/v2\/product\/32404","targetHints":{"allow":["GET"]}}],"collection":[{"href":"https:\/\/www.cl-chausseur.com\/index.php\/wp-json\/wp\/v2\/product"}],"about":[{"href":"https:\/\/www.cl-chausseur.com\/index.php\/wp-json\/wp\/v2\/types\/product"}],"wp:featuredmedia":[{"embeddable":true,"href":"https:\/\/www.cl-chausseur.com\/index.php\/wp-json\/wp\/v2\/media\/32405"}],"wp:attachment":[{"href":"https:\/\/www.cl-chausseur.com\/index.php\/wp-json\/wp\/v2\/media?parent=32404"}],"wp:term":[{"taxonomy":"product_brand","embeddable":true,"href":"https:\/\/www.cl-chausseur.com\/index.php\/wp-json\/wp\/v2\/product_brand?post=32404"},{"taxonomy":"product_cat","embeddable":true,"href":"https:\/\/www.cl-chausseur.com\/index.php\/wp-json\/wp\/v2\/product_cat?post=32404"},{"taxonomy":"product_tag","embeddable":true,"href":"https:\/\/www.cl-chausseur.com\/index.php\/wp-json\/wp\/v2\/product_tag?post=32404"}],"curies":[{"name":"wp","href":"https:\/\/api.w.org\/{rel}","templated":true}]}}