{"id":32472,"date":"2025-11-21T12:49:40","date_gmt":"2025-11-21T11:49:40","guid":{"rendered":"https:\/\/www.cl-chausseur.com\/?post_type=product&#038;p=32472"},"modified":"2026-01-29T15:12:42","modified_gmt":"2026-01-29T14:12:42","slug":"cooper3-2","status":"publish","type":"product","link":"https:\/\/www.cl-chausseur.com\/index.php\/produit\/cooper3-2\/","title":{"rendered":"Cooper3"},"content":{"rendered":"","protected":false},"excerpt":{"rendered":"<p> Agneau bleu et veau velours bleu assorti, doublure enti\u00e8rement cuir, semelle int\u00e9rieure cuir amovible avec amorti, talon de 3cm rehauss\u00e9 par l&rsquo;int\u00e9rieur, la\u00e7age et zip sur le c\u00f4t\u00e9, semelle gomme naturelle.<\/p>\n<p>Un sneaker CANDICE COOPER ultra confortable et souple.<\/p>\n<p>Conseil chaussant:ce mod\u00e8le chausse normalement.Pour un 38 prendre 38.Pour un 37,5 prendre 38.<\/p>\n","protected":false},"featured_media":32473,"template":"","meta":{"_et_pb_use_builder":"","_et_pb_old_content":"","_et_gb_content_width":""},"product_brand":[],"product_cat":[148,149],"product_tag":[94],"class_list":{"0":"post-32472","1":"product","2":"type-product","3":"status-publish","4":"has-post-thumbnail","6":"product_cat-femme-automne-hiver","7":"product_cat-sneakers-femme-automne-hiver","8":"product_tag-sneakers","10":"first","11":"instock","12":"taxable","13":"shipping-taxable","14":"purchasable","15":"product-type-variable"},"_links":{"self":[{"href":"https:\/\/www.cl-chausseur.com\/index.php\/wp-json\/wp\/v2\/product\/32472","targetHints":{"allow":["GET"]}}],"collection":[{"href":"https:\/\/www.cl-chausseur.com\/index.php\/wp-json\/wp\/v2\/product"}],"about":[{"href":"https:\/\/www.cl-chausseur.com\/index.php\/wp-json\/wp\/v2\/types\/product"}],"wp:featuredmedia":[{"embeddable":true,"href":"https:\/\/www.cl-chausseur.com\/index.php\/wp-json\/wp\/v2\/media\/32473"}],"wp:attachment":[{"href":"https:\/\/www.cl-chausseur.com\/index.php\/wp-json\/wp\/v2\/media?parent=32472"}],"wp:term":[{"taxonomy":"product_brand","embeddable":true,"href":"https:\/\/www.cl-chausseur.com\/index.php\/wp-json\/wp\/v2\/product_brand?post=32472"},{"taxonomy":"product_cat","embeddable":true,"href":"https:\/\/www.cl-chausseur.com\/index.php\/wp-json\/wp\/v2\/product_cat?post=32472"},{"taxonomy":"product_tag","embeddable":true,"href":"https:\/\/www.cl-chausseur.com\/index.php\/wp-json\/wp\/v2\/product_tag?post=32472"}],"curies":[{"name":"wp","href":"https:\/\/api.w.org\/{rel}","templated":true}]}}