{"id":32494,"date":"2025-11-21T13:07:21","date_gmt":"2025-11-21T12:07:21","guid":{"rendered":"https:\/\/www.cl-chausseur.com\/?post_type=product&#038;p=32494"},"modified":"2025-11-21T13:07:21","modified_gmt":"2025-11-21T12:07:21","slug":"detroit2","status":"publish","type":"product","link":"https:\/\/www.cl-chausseur.com\/index.php\/produit\/detroit2\/","title":{"rendered":"Detroit2"},"content":{"rendered":"","protected":false},"excerpt":{"rendered":"<p>Agneau noir et doudoune noir assorti, doublure enti\u00e8rement cuir, semelle int\u00e9rieure cuir amovible avec amorti, talon de 3cm rehauss\u00e9 par l&rsquo;int\u00e9rieur, la\u00e7age et zip sur le c\u00f4t\u00e9, semelle gomme naturelle.<\/p>\n<p>Un sneaker CANDICE COOPER ultra confortable et souple.<\/p>\n<p>Conseil chaussant:ce mod\u00e8le chausse normalement.Pour un 39 prendre 39.Pour un 38,5 prendre 39.<\/p>\n","protected":false},"featured_media":32495,"template":"","meta":{"_et_pb_use_builder":"","_et_pb_old_content":"","_et_gb_content_width":""},"product_brand":[],"product_cat":[148,149],"product_tag":[94],"class_list":{"0":"post-32494","1":"product","2":"type-product","3":"status-publish","4":"has-post-thumbnail","6":"product_cat-femme-automne-hiver","7":"product_cat-sneakers-femme-automne-hiver","8":"product_tag-sneakers","10":"first","11":"instock","12":"taxable","13":"shipping-taxable","14":"purchasable","15":"product-type-variable"},"_links":{"self":[{"href":"https:\/\/www.cl-chausseur.com\/index.php\/wp-json\/wp\/v2\/product\/32494","targetHints":{"allow":["GET"]}}],"collection":[{"href":"https:\/\/www.cl-chausseur.com\/index.php\/wp-json\/wp\/v2\/product"}],"about":[{"href":"https:\/\/www.cl-chausseur.com\/index.php\/wp-json\/wp\/v2\/types\/product"}],"wp:featuredmedia":[{"embeddable":true,"href":"https:\/\/www.cl-chausseur.com\/index.php\/wp-json\/wp\/v2\/media\/32495"}],"wp:attachment":[{"href":"https:\/\/www.cl-chausseur.com\/index.php\/wp-json\/wp\/v2\/media?parent=32494"}],"wp:term":[{"taxonomy":"product_brand","embeddable":true,"href":"https:\/\/www.cl-chausseur.com\/index.php\/wp-json\/wp\/v2\/product_brand?post=32494"},{"taxonomy":"product_cat","embeddable":true,"href":"https:\/\/www.cl-chausseur.com\/index.php\/wp-json\/wp\/v2\/product_cat?post=32494"},{"taxonomy":"product_tag","embeddable":true,"href":"https:\/\/www.cl-chausseur.com\/index.php\/wp-json\/wp\/v2\/product_tag?post=32494"}],"curies":[{"name":"wp","href":"https:\/\/api.w.org\/{rel}","templated":true}]}}